{"id":8875,"date":"2024-04-09T09:32:19","date_gmt":"2024-04-09T08:32:19","guid":{"rendered":"https:\/\/domusrs.com\/?page_id=8875"},"modified":"2024-04-09T09:38:15","modified_gmt":"2024-04-09T08:38:15","slug":"principios-gerais-de-seguranca","status":"publish","type":"page","link":"https:\/\/domusrs.com\/pt-pt\/principios-gerais-de-seguranca\/","title":{"rendered":"Princ\u00edpios gerais de Seguran\u00e7a"},"content":{"rendered":"\t\t<div data-elementor-type=\"wp-page\" data-elementor-id=\"8875\" class=\"elementor elementor-8875\" data-elementor-post-type=\"page\">\n\t\t\t\t\t\t<section class=\"elementor-section elementor-top-section elementor-element elementor-element-3ab0eff elementor-section-boxed elementor-section-height-default elementor-section-height-default\" data-id=\"3ab0eff\" data-element_type=\"section\">\n\t\t\t\t\t\t<div class=\"elementor-container elementor-column-gap-default\">\n\t\t\t\t\t<div class=\"elementor-column elementor-col-100 elementor-top-column elementor-element elementor-element-4d1759e\" data-id=\"4d1759e\" data-element_type=\"column\">\n\t\t\t<div class=\"elementor-widget-wrap elementor-element-populated\">\n\t\t\t\t\t\t<div class=\"elementor-element elementor-element-8e4486a elementor-widget elementor-widget-text-editor\" data-id=\"8e4486a\" data-element_type=\"widget\" data-widget_type=\"text-editor.default\">\n\t\t\t\t<div class=\"elementor-widget-container\">\n\t\t\t\t\t\t\t\t\t<p>Na DOMUS RS HG PORTUGAL \u2013 MEDIA\u00c7\u00c3O IMOBILIARIA, UNIPESSOAL, LDA. (\u201c<strong>Domus RS<\/strong>\u201d) o cumprimento dos requisitos, necessidades e expectativas dos nossos stakeholders \u00e9 um valor partilhado que exige os mais elevados n\u00edveis de seguran\u00e7a e qualidade.<\/p><p>A <strong>Domus RS<\/strong> concede interesse priorit\u00e1rio e m\u00e1ximo apoio \u00e0 prote\u00e7\u00e3o da informa\u00e7\u00e3o devido ao seu car\u00e1ter estrat\u00e9gico e como forma de garantir a melhoria dos servi\u00e7os nas suas opera\u00e7\u00f5es.<\/p><p>Neste sentido, a Dire\u00e7\u00e3o da <strong>Domus RS<\/strong>, e, por conseguinte, toda a organiza\u00e7\u00e3o, est\u00e3o comprometidas com a Seguran\u00e7a da Informa\u00e7\u00e3o, com base nos requisitos do Norma ISO\/IEC 27001:2013.<\/p><p>Al\u00e9m disso, a <strong>Domus RS<\/strong> procura a ado\u00e7\u00e3o, implementa\u00e7\u00e3o e continuidade da opera\u00e7\u00e3o de protocolos e procedimentos que considerem a preserva\u00e7\u00e3o, pelo menos, dos componentes b\u00e1sicos da seguran\u00e7a da informa\u00e7\u00e3o:<\/p><ul><li><strong>Confidencialidade:<\/strong> Garantir que apenas pessoas devidamente autorizadas acedam a dados e sistemas.<\/li><li><strong>Integridade:<\/strong> Garantir a exatid\u00e3o das informa\u00e7\u00f5es e sistemas contra altera\u00e7\u00e3o, perda ou destrui\u00e7\u00e3o, seja acidental ou intencional.<\/li><li><strong>Disponibilidade:<\/strong> Garantir que as informa\u00e7\u00f5es e os sistemas possam ser usados da maneira e no tempo necess\u00e1rios.<\/li><\/ul><p>Esta pol\u00edtica ser\u00e1 considerada na execu\u00e7\u00e3o de todas as fases do ciclo de vida da informa\u00e7\u00e3o: cria\u00e7\u00e3o, distribui\u00e7\u00e3o, armazenamento, processamento, transporte, consulta e destrui\u00e7\u00e3o, e dos sistemas que as processam (an\u00e1lise, desenho, desenvolvimento, implementa\u00e7\u00e3o, explora\u00e7\u00e3o e manuten\u00e7\u00e3o).<\/p><p>A seguran\u00e7a da informa\u00e7\u00e3o \u00e9 da responsabilidade de todo o pessoal da organiza\u00e7\u00e3o, pelo que esta pol\u00edtica deve ser conhecida, compreendida e assumida por todos os n\u00edveis da organiza\u00e7\u00e3o e deve ser comunicada de forma fi\u00e1vel a toda a organiza\u00e7\u00e3o, tanto ao pessoal interno, bem como de empresas colaboradoras externas, e estar \u00e0 disposi\u00e7\u00e3o das partes interessadas.<\/p><p>As rela\u00e7\u00f5es com empresas terceiras colaboradoras devem ser sempre protegidas pelas devidas garantias no uso e tratamento da informa\u00e7\u00e3o.<\/p><p>Em resumo, os princ\u00edpios b\u00e1sicos abrangidos por esta pol\u00edtica s\u00e3o os seguintes:<\/p><ul><li>Garantir que todos os sistemas de informa\u00e7\u00e3o, redes e aplica\u00e7\u00f5es de neg\u00f3cio que a Domus RS gere est\u00e3o eficaz e eficientemente protegidos contra amea\u00e7as de seguran\u00e7a e os riscos que n\u00e3o podem ser diretamente combatidos s\u00e3o minimizados.<\/li><li>Garantir que todos os utilizadores da Domus RS est\u00e3o conscientes do dever de cumprimento das leis nacionais e supranacionais.<\/li><li>Garantir que todos os utilizadores da Domus RS conhecem e compreendem as suas responsabilidades pessoais na prote\u00e7\u00e3o da confidencialidade, integridade e disponibilidade dos dados acedidos.<\/li><li>Atribuir as fun\u00e7\u00f5es e responsabilidades necess\u00e1rias no dom\u00ednio da seguran\u00e7a e fornecer o apoio necess\u00e1rio.<\/li><li>Garantir que todos os utilizadores da Domus RS t\u00eam conhecimento do dever de cumprimento, bem como dos restantes regulamentos internos aplic\u00e1veis..<\/li><li>Salvaguardar a reputa\u00e7\u00e3o e o neg\u00f3cio da marca Domus RS, bem como o cumprimento das obriga\u00e7\u00f5es legais (Compliance), e a sua prote\u00e7\u00e3o.<\/li><li>Ter em considera\u00e7\u00e3o a seguran\u00e7a das informa\u00e7\u00f5es em fornecedores e subcontratados.<\/li><li>Estabelecer e rever periodicamente o n\u00edvel de seguran\u00e7a (apetite ao risco) com base na an\u00e1lise de risco.<\/li><li>Demonstrar lideran\u00e7a por parte da Administra\u00e7\u00e3o, garantindo que a Pol\u00edtica de Seguran\u00e7a da Informa\u00e7\u00e3o e os objetivos de seguran\u00e7a sejam estabelecidos e sejam compat\u00edveis com a dire\u00e7\u00e3o estrat\u00e9gica da organiza\u00e7\u00e3o.<\/li><li>Atender \u00e0s necessidades e expectativas das partes interessadas envolvidas no \u00e2mbito da seguran\u00e7a da informa\u00e7\u00e3o, preservando a Disponibilidade, Integridade e Confidencialidade da informa\u00e7\u00e3o.<\/li><li>Garantir a revis\u00e3o peri\u00f3dica das pol\u00edticas e procedimentos para o correto cumprimento das altera\u00e7\u00f5es legais, t\u00e9cnicas e quaisquer outras altera\u00e7\u00f5es para melhoria cont\u00ednua da seguran\u00e7a.<br \/>O Sistema de Gest\u00e3o de Seguran\u00e7a da Informa\u00e7\u00e3o baseia-se nos requisitos da Norma ISO\/IEC 27001:2023 e \u00e9 obrigat\u00f3rio para todos os colaboradores. A Dire\u00e7\u00e3o \u00e9 respons\u00e1vel pelo desenvolvimento, implementa\u00e7\u00e3o, atualiza\u00e7\u00e3o e fiscaliza\u00e7\u00e3o do cumprimento de todo o Sistema de Gest\u00e3o integrado e designada para a sua implementa\u00e7\u00e3o executiva pelo Respons\u00e1vel do SGSI.<\/li><\/ul>\t\t\t\t\t\t\t\t<\/div>\n\t\t\t\t<\/div>\n\t\t\t\t\t<\/div>\n\t\t<\/div>\n\t\t\t\t\t<\/div>\n\t\t<\/section>\n\t\t\t\t<\/div>\n\t\t","protected":false},"excerpt":{"rendered":"<p>Na DOMUS RS HG PORTUGAL \u2013 MEDIA\u00c7\u00c3O IMOBILIARIA, UNIPESSOAL, LDA. (\u201cDomus RS\u201d) o cumprimento dos requisitos, necessidades e expectativas dos nossos stakeholders \u00e9 um valor partilhado que exige os mais elevados n\u00edveis de seguran\u00e7a e qualidade. A Domus RS concede interesse priorit\u00e1rio e m\u00e1ximo apoio \u00e0 prote\u00e7\u00e3o da informa\u00e7\u00e3o devido ao seu car\u00e1ter estrat\u00e9gico e [&hellip;]<\/p>\n","protected":false},"author":4,"featured_media":0,"parent":0,"menu_order":0,"comment_status":"closed","ping_status":"closed","template":"","meta":{"footnotes":""},"class_list":["post-8875","page","type-page","status-publish","hentry"],"_links":{"self":[{"href":"https:\/\/domusrs.com\/pt-pt\/wp-json\/wp\/v2\/pages\/8875","targetHints":{"allow":["GET"]}}],"collection":[{"href":"https:\/\/domusrs.com\/pt-pt\/wp-json\/wp\/v2\/pages"}],"about":[{"href":"https:\/\/domusrs.com\/pt-pt\/wp-json\/wp\/v2\/types\/page"}],"author":[{"embeddable":true,"href":"https:\/\/domusrs.com\/pt-pt\/wp-json\/wp\/v2\/users\/4"}],"replies":[{"embeddable":true,"href":"https:\/\/domusrs.com\/pt-pt\/wp-json\/wp\/v2\/comments?post=8875"}],"version-history":[{"count":3,"href":"https:\/\/domusrs.com\/pt-pt\/wp-json\/wp\/v2\/pages\/8875\/revisions"}],"predecessor-version":[{"id":8878,"href":"https:\/\/domusrs.com\/pt-pt\/wp-json\/wp\/v2\/pages\/8875\/revisions\/8878"}],"wp:attachment":[{"href":"https:\/\/domusrs.com\/pt-pt\/wp-json\/wp\/v2\/media?parent=8875"}],"curies":[{"name":"wp","href":"https:\/\/api.w.org\/{rel}","templated":true}]}}