{"id":7562,"date":"2022-11-30T20:59:36","date_gmt":"2022-11-30T19:59:36","guid":{"rendered":"https:\/\/domusrs.com\/politica-de-cookies\/"},"modified":"2024-04-05T13:29:01","modified_gmt":"2024-04-05T12:29:01","slug":"politica-de-cookies","status":"publish","type":"page","link":"https:\/\/domusrs.com\/pt-pt\/politica-de-cookies\/","title":{"rendered":"Pol\u00edtica de cookies"},"content":{"rendered":"<ol type=\"1\">\n<li><strong>O que s\u00e3o cookies<\/strong><\/li>\n<\/ol>\n<p>Os cookies s\u00e3o pequenos ficheiros de texto que s\u00e3o enviados pelo s\u00edtio Web visitado para o seu dispositivo (por dispositivo entendemos o seu computador pessoal ou PC, tablet, telem\u00f3vel ou qualquer outro dispositivo atrav\u00e9s do qual possa aceder \u00e0 Web) (os <strong>&#8220;Cookies<\/strong>&#8220;). Os cookies s\u00e3o armazenados no disco r\u00edgido do seu computador, permitindo que o s\u00edtio Web o reconhe\u00e7a e guarde determinadas informa\u00e7\u00f5es sobre si, a fim de permitir ou melhorar o servi\u00e7o oferecido e adaptar o conte\u00fado do s\u00edtio Web ao seu perfil e \u00e0s suas necessidades.<\/p>\n<p>Outras tecnologias semelhantes, como pix\u00e9is de rastreio, web beacons, IDs de dispositivos ou URLs de rastreio, tamb\u00e9m permitem a recolha de dados sobre os utilizadores, as p\u00e1ginas visitadas, as liga\u00e7\u00f5es clicadas, os an\u00fancios apresentados ou os e-mails abertos.<\/p>\n<p>Os cookies utilizados est\u00e3o apenas associados ao seu utilizador an\u00f3nimo e ao seu computador, n\u00e3o fornecendo eles pr\u00f3prios os seus dados pessoais.<\/p>\n<ul>\n<li><strong>Porque \u00e9 que utilizamos cookies<\/strong><\/li>\n<\/ul>\n<p>Os cookies s\u00e3o \u00fateis por v\u00e1rias raz\u00f5es. Permitem que o Servi\u00e7o funcione de uma forma racionalizada e adaptada \u00e0s prefer\u00eancias do utilizador. Gra\u00e7as \u00e0s informa\u00e7\u00f5es estat\u00edsticas que recolhemos com os cookies, podemos compreender melhor as necessidades dos utilizadores e melhorar o Servi\u00e7o.<\/p>\n<p>Atrav\u00e9s da utiliza\u00e7\u00e3o de cookies, \u00e9 poss\u00edvel que o servidor onde o s\u00edtio Web est\u00e1 localizado reconhe\u00e7a o navegador Web utilizado pelo utilizador para facilitar a navega\u00e7\u00e3o. S\u00e3o igualmente utilizados para medir os par\u00e2metros de audi\u00eancia e de tr\u00e1fego, o controlo dos processos e o n\u00famero de entradas. Os cookies tamb\u00e9m servem para tornar a publicidade mais eficiente, ajudando-nos a mostrar-lhe an\u00fancios relevantes e conte\u00fados do seu interesse, tanto nos nossos sites como em sites de terceiros com os quais temos uma rela\u00e7\u00e3o.<\/p>\n<ul>\n<li><strong>Tipos de cookies<\/strong><\/li>\n<\/ul>\n<p>Abaixo, fornecemos informa\u00e7\u00f5es sobre o tipo de Cookies utilizados no Servi\u00e7o e a sua finalidade.<\/p>\n<p>Dependendo da entidade que gere o equipamento ou dom\u00ednio a partir do qual os Cookies s\u00e3o enviados e processa os dados obtidos, podemos distinguir:<\/p>\n<ul>\n<li><strong>Cookies pr\u00f3prios:<\/strong> s\u00e3o aqueles que s\u00e3o enviados para o equipamento terminal do utilizador a partir do s\u00edtio Web.<\/li>\n<\/ul>\n<ul>\n<li><strong>Cookies de terceiros:<\/strong> s\u00e3o aqueles que s\u00e3o enviados para o equipamento terminal do utilizador a partir de um computador ou dom\u00ednio que n\u00e3o \u00e9 gerido pelo editor, mas por outra entidade que processa os dados obtidos atrav\u00e9s dos cookies, tais como <a href=\"http:\/\/www.google.com\/\">www.google.com,<\/a> <a href=\"http:\/\/www.youtube.com\/\">www.youtube.com<\/a> ou <a href=\"http:\/\/www.twitter.com\/\">www.twitter.com<\/a>.<\/li>\n<\/ul>\n<p>Dependendo do tempo que permanecem activados no terminal:<\/p>\n<ul>\n<li><strong>Cookies de sess\u00e3o:<\/strong> s\u00e3o um tipo de cookie concebido para recolher e armazenar dados enquanto o utilizador acede a uma p\u00e1gina Web. Como o seu nome indica, estes cookies s\u00e3o armazenados no seu terminal at\u00e9 ao final da sess\u00e3o de navega\u00e7\u00e3o do utilizador.<\/li>\n<\/ul>\n<ul>\n<li><strong>Cookies persistentes:<\/strong> s\u00e3o um tipo de cookie em que os dados permanecem armazenados no terminal e podem ser acedidos e tratados durante um per\u00edodo definido pelo respons\u00e1vel pelo cookie, que pode ir de alguns minutos a v\u00e1rios anos.<\/li>\n<\/ul>\n<p>De acordo com o seu objetivo:<\/p>\n<ul>\n<li><strong>Cookies t\u00e9cnicos:<\/strong> s\u00e3o aqueles que permitem ao utilizador navegar pelo site ou plataforma e utilizar as diferentes op\u00e7\u00f5es ou servi\u00e7os existentes no mesmo, como, por exemplo, controlar o tr\u00e1fego e a comunica\u00e7\u00e3o de dados, identificar a sess\u00e3o, aceder a \u00e1reas restritas, utilizar elementos de seguran\u00e7a durante a navega\u00e7\u00e3o ou armazenar conte\u00fados para a difus\u00e3o de v\u00eddeos ou som ou partilhar conte\u00fados atrav\u00e9s de redes sociais como o Twitter, Facebook, Google+ ou YouTube. Trata-se de cookies de sess\u00e3o e persistentes.<\/li>\n<\/ul>\n<ul>\n<li><strong>Cookies de personaliza\u00e7\u00e3o:<\/strong> s\u00e3o aqueles que permitem ao utilizador aceder ao servi\u00e7o com algumas caracter\u00edsticas predefinidas em fun\u00e7\u00e3o de uma s\u00e9rie de crit\u00e9rios no terminal do utilizador, como, por exemplo, o tipo de navegador atrav\u00e9s do qual o utilizador acede ao servi\u00e7o, a configura\u00e7\u00e3o regional a partir da qual o utilizador acede ao servi\u00e7o, etc.<\/li>\n<\/ul>\n<ul>\n<li><strong>Cookies anal\u00edticos:<\/strong> s\u00e3o cookies que nos permitem quantificar o n\u00famero de utilizadores e, assim, efetuar a medi\u00e7\u00e3o e a an\u00e1lise estat\u00edstica da utiliza\u00e7\u00e3o que os utilizadores fazem do nosso s\u00edtio Web. Para este efeito, a sua navega\u00e7\u00e3o no nosso s\u00edtio Web \u00e9 analisada a fim de o melhorar.<\/li>\n<\/ul>\n<ul>\n<li><strong>Cookies publicit\u00e1rios:<\/strong> s\u00e3o cookies que, tratados pela DOMUS ou por terceiros, nos permitem analisar os seus h\u00e1bitos de navega\u00e7\u00e3o na Internet para lhe podermos apresentar publicidade relacionada com o seu perfil de navega\u00e7\u00e3o.<\/li>\n<\/ul>\n<p>No nosso s\u00edtio Web, utilizamos cookies anal\u00edticos, de sess\u00e3o e persistentes para este efeito, nomeadamente os cookies do Google Analytics, que t\u00eam datas de validade diferentes em fun\u00e7\u00e3o das informa\u00e7\u00f5es que nos fornecem. Terceiros como a Google tamb\u00e9m utilizam este tipo de cookies anal\u00edticos de sess\u00e3o e persistentes.<\/p>\n<p>Para mais informa\u00e7\u00f5es: <a href=\"https:\/\/policies.google.com\/privacy?hl=es&amp;gl=ZZ\">https:\/\/policies.google.com\/privacy?hl=es&amp;gl=ZZ<\/a><\/p>\n<ul>\n<li><strong>Que cookies utilizamos<\/strong><\/li>\n<\/ul>\n<figure>\n<table>\n<tbody>\n<tr>\n<td><strong>Designa\u00e7\u00e3o<\/strong><\/td>\n<td><strong>Fun\u00e7\u00e3o<\/strong><\/td>\n<td><strong>Propriedade<\/strong><\/td>\n<td><strong>Perman\u00eancia<\/strong><\/td>\n<\/tr>\n<tr>\n<td>Seguro-3PSIDCC<\/td>\n<td>Publicidade<\/td>\n<td>Google<\/td>\n<td>2 anos<\/td>\n<\/tr>\n<tr>\n<td>1P_JAR<\/td>\n<td>Publicidade<\/td>\n<td>Google<\/td>\n<td>1 m\u00eas<\/td>\n<\/tr>\n<tr>\n<td>NID<\/td>\n<td>Armazenar as prefer\u00eancias do utilizador<\/td>\n<td>Google<\/td>\n<td>7 meses<\/td>\n<\/tr>\n<tr>\n<td>Seguro-3PSID<\/td>\n<td>Publicidade<\/td>\n<td>Google<\/td>\n<td>2 anos<\/td>\n<\/tr>\n<tr>\n<td>SIDCC<\/td>\n<td>Presta\u00e7\u00e3o de servi\u00e7os e extra\u00e7\u00e3o de informa\u00e7\u00f5es de navega\u00e7\u00e3o an\u00f3nimas<\/td>\n<td>Google<\/td>\n<td>1 ano<\/td>\n<\/tr>\n<tr>\n<td>SEARCH_SAMESITE<\/td>\n<td>Atenuar o risco de ciberataques de informa\u00e7\u00e3o cruzada<\/td>\n<td>Google<\/td>\n<td>4 meses<\/td>\n<\/tr>\n<tr>\n<td>Seguro-3PAPISID<\/td>\n<td>Publicidade<\/td>\n<td>Google<\/td>\n<td>2 anos<\/td>\n<\/tr>\n<tr>\n<td>SAPISID<\/td>\n<td>Armazenar as prefer\u00eancias do utilizador na sua Conta Google. Publicidade.<\/td>\n<td>Google<\/td>\n<td>2 anos<\/td>\n<\/tr>\n<tr>\n<td>APISID<\/td>\n<td>Armazenar as prefer\u00eancias do utilizador na sua Conta Google.<\/td>\n<td>Google<\/td>\n<td>2 anos<\/td>\n<\/tr>\n<tr>\n<td>HSID<\/td>\n<td>Armazenamento das prefer\u00eancias do utilizador na sua Conta Google<\/td>\n<td>Google<\/td>\n<td>2 anos<\/td>\n<\/tr>\n<tr>\n<td>SSID<\/td>\n<td>Armazenar as prefer\u00eancias do utilizador na sua Conta Google<\/td>\n<td>Google<\/td>\n<td>2 anos<\/td>\n<\/tr>\n<tr>\n<td>ANID<\/td>\n<td>Armazenar as prefer\u00eancias do utilizador na sua Conta Google<\/td>\n<td>Google<\/td>\n<td>8 meses<\/td>\n<\/tr>\n<tr>\n<td>CONSENTIMENTO<\/td>\n<td>Controlar a aceita\u00e7\u00e3o de cookies<\/td>\n<td>Google<\/td>\n<td>Persistentes<\/td>\n<\/tr>\n<tr>\n<td>SID<\/td>\n<td>Armazenar as prefer\u00eancias do utilizador na sua Conta Google<\/td>\n<td>Google<\/td>\n<td>2 anos<\/td>\n<\/tr>\n<tr>\n<td>DV<\/td>\n<td>Presta\u00e7\u00e3o de servi\u00e7os e extra\u00e7\u00e3o de dados de navega\u00e7\u00e3o an\u00f3nimos<\/td>\n<td>Google<\/td>\n<td>1 dia<\/td>\n<\/tr>\n<tr>\n<td>OTZ<\/td>\n<td>Publicidade<\/td>\n<td>Google<\/td>\n<td>1 m\u00eas<\/td>\n<\/tr>\n<tr>\n<td>_gid<\/td>\n<td>Distinguir utilizadores<\/td>\n<td>hipoges<\/td>\n<td>1 m\u00eas<\/td>\n<\/tr>\n<tr>\n<td>_ga<\/td>\n<td>Distinguir utilizadores<\/td>\n<td>hipoges<\/td>\n<td>2 anos<\/td>\n<\/tr>\n<\/tbody>\n<\/table>\n<\/figure>\n<p>Para al\u00e9m dos Cookies que DOMUS instala quando nos visita, como ver\u00e1, existem tamb\u00e9m Cookies de terceiros, que s\u00e3o necess\u00e1rios para a presta\u00e7\u00e3o do Servi\u00e7o. Em alguns casos, isto deve-se ao facto de termos contratado esses terceiros para fornecerem determinados servi\u00e7os em nosso nome, tais como an\u00e1lise de servi\u00e7os, tratamento autom\u00e1tico de erros, an\u00e1lises, etc.<\/p>\n<p>Trabalhamos com empresas de publicidade online para colocar os nossos Cookies nos seus s\u00edtios Web ou an\u00fancios. Isto ajuda-nos a compreender a frequ\u00eancia com que um clique num dos nossos an\u00fancios se converte numa compra ou noutra a\u00e7\u00e3o no s\u00edtio Web do anunciante.<\/p>\n<p>Na DOMUS, tamb\u00e9m trabalhamos com o Google Analytics, que nos ajuda a recolher estat\u00edsticas anal\u00edticas sobre a efic\u00e1cia das nossas campanhas promocionais ou outras opera\u00e7\u00f5es. Estas tecnologias permitem aos fornecedores de servi\u00e7os anal\u00edticos instalar ou ler os seus pr\u00f3prios cookies no seu dispositivo, atrav\u00e9s dos quais podem recolher informa\u00e7\u00f5es sobre a sua utiliza\u00e7\u00e3o do Servi\u00e7o, sempre de forma an\u00f3nima.<\/p>\n<p>Pode sempre optar por recusar a recolha ou utiliza\u00e7\u00e3o de dados pelo Google Analytics clicando na seguinte hiperliga\u00e7\u00e3o: tools.google.com\/dlpage\/gaoptout (requer a instala\u00e7\u00e3o de um plug-in no browser).<\/p>\n<ul>\n<li><strong>Quem utiliza os cookies<\/strong><\/li>\n<\/ul>\n<p>As informa\u00e7\u00f5es recolhidas atrav\u00e9s dos cookies de uma p\u00e1gina web podem ser utilizadas quer pelo DOMUS quer por um terceiro que preste um servi\u00e7o ao propriet\u00e1rio. Neste sentido, a informa\u00e7\u00e3o dos Cookies utilizados no Servi\u00e7o \u00e9 tratada pela DOMUS e por terceiros, como o Google, no que diz respeito ao comportamento dos utilizadores.<\/p>\n<ul>\n<li><strong>Gerir cookies<\/strong><\/li>\n<\/ul>\n<p>Tendo em conta a informa\u00e7\u00e3o fornecida atrav\u00e9s da presente Pol\u00edtica de Cookies, abaixo fornecemos informa\u00e7\u00e3o sobre como pode gerir os Cookies utilizados no Servi\u00e7o atrav\u00e9s das diferentes op\u00e7\u00f5es oferecidas pelos browsers mais comuns (Explorer, Firefox e Chrome). Se a instala\u00e7\u00e3o de todos os cookies do Servi\u00e7o for impedida, algumas funcionalidades do Servi\u00e7o, bem como alguns conte\u00fados, podem ser afectados.<\/p>\n<ul>\n<li><strong>Como ver os cookies<\/strong><\/li>\n<\/ul>\n<p>Todos os browsers oferecem ao utilizador a possibilidade de procurar e visualizar os Cookies instalados por um determinado website, obter informa\u00e7\u00f5es sobre a sua dura\u00e7\u00e3o e a possibilidade de os eliminar, conforme indicado na sec\u00e7\u00e3o seguinte. Segue-se uma s\u00e9rie de liga\u00e7\u00f5es informativas sobre esta quest\u00e3o, com base nos browsers mais utilizados:<\/p>\n<ul>\n<li>Google Chrome: <a href=\"https:\/\/support.google.com\/chrome\/answer\/95647?hl=es\">https:\/\/support.google.com\/chrome\/answer\/95647?hl=es<\/a><\/li>\n<\/ul>\n<ul>\n<li>Mozilla Firefox: <a href=\"https:\/\/support.mozilla.org\/es\/kb\/habilitar-y-deshabilitar-cookies-sitios-web-rastrear-preferencias\">https:\/\/support.mozilla.org\/es\/kb\/habilitar-y-deshabilitar-cookies-sitios-web-rastrear-preferencias<\/a><\/li>\n<\/ul>\n<ul>\n<li>Internet Explorer: <a href=\"https:\/\/support.microsoft.com\/es-es\/help\/17442\/windows-internet-explorer-delete-manage-cookies\">https:\/\/support.microsoft.com\/es-es\/help\/17442\/windows-internet-explorer-delete-manage-cookies<\/a><\/li>\n<\/ul>\n<ul>\n<li>Microsoft Edge: <a href=\"https:\/\/support.microsoft.com\/es-es\/microsoft-edge\/eliminar-las-cookies-en-microsoft-edge-63947406-40ac-c3b8-57b9-2a946a29ae09\">https:\/\/support.microsoft.com\/es-es\/microsoft-edge\/eliminar-las-cookies-en-microsoft-edge-63947406-40ac-c3b8-57b9-2a946a29ae09<\/a><\/li>\n<\/ul>\n<ul>\n<li><strong>Como desativar ou eliminar cookies<\/strong><\/li>\n<\/ul>\n<p>Para desativar, limitar, bloquear ou apagar os cookies, o utilizador deve modificar a configura\u00e7\u00e3o do navegador utilizado no seu terminal, quer se trate de um computador, de um smartphone ou de um tablet. Em geral, os navegadores oferecem as seguintes op\u00e7\u00f5es de configura\u00e7\u00e3o em rela\u00e7\u00e3o \u00e0 instala\u00e7\u00e3o de cookies: <\/p>\n<ul>\n<li>Que o navegador rejeite todos os cookies e, por conseguinte, que nenhum cookie de qualquer s\u00edtio Web seja instalado no seu terminal. <\/li>\n<\/ul>\n<ul>\n<li>Que o navegador notifique o utilizador antes da instala\u00e7\u00e3o do cookie, para que este possa decidir se aceita ou n\u00e3o a instala\u00e7\u00e3o do cookie. <\/li>\n<\/ul>\n<ul>\n<li>Que o seu navegador apenas rejeita os cookies de terceiros dos s\u00edtios Web que visita, mas n\u00e3o os utilizados pelo s\u00edtio Web em que est\u00e1 a navegar. <\/li>\n<\/ul>\n<p>A op\u00e7\u00e3o de navega\u00e7\u00e3o em modo privado, atrav\u00e9s da qual os cookies s\u00e3o instalados no terminal, mas s\u00e3o automaticamente eliminados quando termina a navega\u00e7\u00e3o no s\u00edtio Web:<\/p>\n<p>Google Chrome: <a href=\"https:\/\/www.filmin.es\/Google%20Chrome%20https:\/support.google.com\/chrome\/answer\/95464?hl=es\">https:\/\/support.google.com\/chrome\/answer\/95464?hl=es<\/a><\/p>\n<p>Mozilla Firefox<a href=\"https:\/\/support.mozilla.org\/es\/kb\/navegacion-privada-navega-en-la-web-singuardar-in?redirectlocale=en%20S&amp;as=u&amp;redirectslug=Private+Browsing&amp;utm_source=inproduct\">:https:\/\/support.mozilla.org\/es\/kb\/navegacion-privada-navega-en-la-web-singuardar-in?redirectlocale=en S&amp;as=u&amp;redirectslug=Private+Browsing&amp;utm_source=inproduct<\/a>,<\/p>\n<p>Internet Explorer: <a href=\"http:\/\/windows.microsoft.com\/es-ES\/windows-8\/help-protect-yourself-ie-10?ocid=IE10_priv_browsing#firstTabControl=tab1\">http:\/\/windows.microsoft.com\/es-ES\/windows-8\/help-protect-yourself-ie-10?ocid=IE10_priv_browsing#firstTabControl=tab1<\/a><\/p>\n<p>As liga\u00e7\u00f5es para desativar os cookies est\u00e3o indicadas no ponto 7 da presente pol\u00edtica de cookies.<\/p>\n<ul>\n<li><strong>Outros aspectos<\/strong><\/li>\n<\/ul>\n<p>Se utilizar o Servi\u00e7o, consideraremos que o utilizador reconhece que leu a presente Pol\u00edtica de Cookies e que nos autoriza a utiliz\u00e1-la, de modo a permitir-lhe utilizar plenamente o nosso Servi\u00e7o. Se tiver alguma d\u00favida ou pergunta sobre os Cookies que utilizamos, pode enviar-nos a sua consulta por correio eletr\u00f3nico para <a href=\"mailto:dpo@hipoges.com\">dpo@hipoges.com.<\/a><\/p>\n<p>Poderemos modificar este texto no futuro para o adaptar a poss\u00edveis altera\u00e7\u00f5es legislativas ou regulamentares, bem como devido a instru\u00e7\u00f5es ou resolu\u00e7\u00f5es emitidas pela Ag\u00eancia Espanhola de Prote\u00e7\u00e3o de Dados. Por este motivo, aconselhamos a leitura peri\u00f3dica deste texto para se manter informado sobre a vers\u00e3o mais recente. Em qualquer caso, se introduzirmos altera\u00e7\u00f5es significativas a este texto, estas ser-lhe-\u00e3o comunicadas atrav\u00e9s do s\u00edtio Web ou por correio eletr\u00f3nico para os utilizadores registados.<\/p>\n","protected":false},"excerpt":{"rendered":"<p>O que s\u00e3o cookies Os cookies s\u00e3o pequenos ficheiros de texto que s\u00e3o enviados pelo s\u00edtio Web visitado para o seu dispositivo (por dispositivo entendemos o seu computador pessoal ou PC, tablet, telem\u00f3vel ou qualquer outro dispositivo atrav\u00e9s do qual possa aceder \u00e0 Web) (os &#8220;Cookies&#8220;). Os cookies s\u00e3o armazenados no disco r\u00edgido do seu [&hellip;]<\/p>\n","protected":false},"author":1,"featured_media":0,"parent":0,"menu_order":0,"comment_status":"closed","ping_status":"closed","template":"","meta":{"footnotes":""},"class_list":["post-7562","page","type-page","status-publish","hentry"],"_links":{"self":[{"href":"https:\/\/domusrs.com\/pt-pt\/wp-json\/wp\/v2\/pages\/7562","targetHints":{"allow":["GET"]}}],"collection":[{"href":"https:\/\/domusrs.com\/pt-pt\/wp-json\/wp\/v2\/pages"}],"about":[{"href":"https:\/\/domusrs.com\/pt-pt\/wp-json\/wp\/v2\/types\/page"}],"author":[{"embeddable":true,"href":"https:\/\/domusrs.com\/pt-pt\/wp-json\/wp\/v2\/users\/1"}],"replies":[{"embeddable":true,"href":"https:\/\/domusrs.com\/pt-pt\/wp-json\/wp\/v2\/comments?post=7562"}],"version-history":[{"count":5,"href":"https:\/\/domusrs.com\/pt-pt\/wp-json\/wp\/v2\/pages\/7562\/revisions"}],"predecessor-version":[{"id":8797,"href":"https:\/\/domusrs.com\/pt-pt\/wp-json\/wp\/v2\/pages\/7562\/revisions\/8797"}],"wp:attachment":[{"href":"https:\/\/domusrs.com\/pt-pt\/wp-json\/wp\/v2\/media?parent=7562"}],"curies":[{"name":"wp","href":"https:\/\/api.w.org\/{rel}","templated":true}]}}