{"id":7537,"date":"2022-11-30T20:58:22","date_gmt":"2022-11-30T19:58:22","guid":{"rendered":"https:\/\/domusrs.com\/politica-de-privacidade\/"},"modified":"2025-02-27T10:24:52","modified_gmt":"2025-02-27T09:24:52","slug":"politica-de-privacidade","status":"publish","type":"page","link":"https:\/\/domusrs.com\/pt-pt\/politica-de-privacidade\/","title":{"rendered":"Pol\u00edtica de privacidade"},"content":{"rendered":"<p><strong>Identidade do respons\u00e1vel pelo tratamento de dados<\/strong><\/p>\n<p>DOMUS RS HG PORTUGAL \u2013 MEDIA\u00c7\u00c3O IMOBILIARIA, UNIPESSOAL, LDA., com sede social Edif\u00edcio Colombo, Torre Oriente, Avenida do Col\u00e9gio Militar, n\u00ba 37 F, 4\u00ba Piso, 1500-180 Lisboa, e com o NIPC 516 818 17 (\u201c<strong>DOMUS RS<\/strong>\u201d), \u00e9 o administrador do endere\u00e7o <a href=\"http:\/\/domusrs.com\/\">https:\/\/domusrs.com<\/a> (a \u201c<strong>Web<\/strong>\u201d).<\/p>\n<p><strong>2. Aceita\u00e7\u00e3o e identifica\u00e7\u00e3o do utilizador<\/strong><\/p>\n<p>Ao aceder e navegar neste s\u00edtio Web, o Utilizador reconhece ter lido e aceite a nossa Pol\u00edtica de Privacidade e aceita expressamente a sua aplica\u00e7\u00e3o \u00e0 utiliza\u00e7\u00e3o do s\u00edtio Web durante a navega\u00e7\u00e3o.<\/p>\n<p>DOMUS pode oferecer, atrav\u00e9s do S\u00edtio Web, servi\u00e7os que podem estar sujeitos a condi\u00e7\u00f5es particulares, sobre as quais os Utilizadores ser\u00e3o informados em cada caso espec\u00edfico.<\/p>\n<p>O Utilizador deve identificar-se sempre com o seu endere\u00e7o eletr\u00f3nico pessoal.<\/p>\n<p>O Utilizador garante, tanto \u00e0 DOMUS RS como a terceiros, a qualidade da informa\u00e7\u00e3o fornecida, ou seja, que os dados e informa\u00e7\u00f5es fornecidos s\u00e3o reais, verdadeiros, atualizados e que pertencem ao Utilizador e n\u00e3o a terceiros. O Utilizador ser\u00e1 respons\u00e1vel pela veracidade dos dados pessoais fornecidos e isentar\u00e1 a DOMUS RS de reclama\u00e7\u00f5es de terceiros ou de san\u00e7\u00f5es ou danos que possam ser sofridos em caso de incumprimento.<\/p>\n<p>De acordo com a legisla\u00e7\u00e3o em vigor em Portugal, para utilizar o S\u00edtio Web, o Utilizador deve ser maior de 18 anos ou ter a autoriza\u00e7\u00e3o dos seus pais e\/ou tutores legais se for maior de 13 anos e menor de 18. Por conseguinte, ao aceitar a presente Pol\u00edtica de Privacidade, o Utilizador garante que \u00e9 maior de idade ou que tem a autoriza\u00e7\u00e3o parental acima referida para se registar no DOMUS RS, assumindo toda a responsabilidade por esta declara\u00e7\u00e3o.<\/p>\n<p><strong>3. Objetivo do tratamento<\/strong><\/p>\n<p>Os dados pessoais dos Utilizadores ser\u00e3o recolhidos e tratados com a finalidade de gerir a sua rela\u00e7\u00e3o com a DOMUS RS; Gerir qualquer tipo de consulta, Gerir a sua candidatura no processo de sele\u00e7\u00e3o correspondente, Inclu\u00ed-lo na nossa bolsa de emprego. Estas informa\u00e7\u00f5es ser\u00e3o utilizadas para contactar o Utilizador no \u00e2mbito da rela\u00e7\u00e3o profissional, contratual ou comercial.<\/p>\n<p><strong>4. Legitima\u00e7\u00e3o<\/strong><\/p>\n<p>A legitimidade para o tratamento \u00e9 a rela\u00e7\u00e3o contratual para a presta\u00e7\u00e3o do servi\u00e7o solicitado, o interesse leg\u00edtimo na manuten\u00e7\u00e3o da rela\u00e7\u00e3o existente e\/ou, em certos casos (apresenta\u00e7\u00e3o de candidaturas), o consentimento.<\/p>\n<p><strong>5. Dura\u00e7\u00e3o<\/strong><\/p>\n<p>A DOMUS RS recolhe e trata os dados do Utilizador de acordo com a finalidade para a qual foram recolhidos:<\/p>\n<ol>\n<li>Se tratarmos os seus dados para efeitos de processamento da rela\u00e7\u00e3o contratual, conservaremos os seus dados pessoais enquanto a rela\u00e7\u00e3o se mantiver, desde que n\u00e3o exer\u00e7a previamente o seu direito de apagamento, conservaremos os seus dados pessoais, com as medidas de seguran\u00e7a necess\u00e1rias e bloqueados sob forma pseud\u00f3nima,<\/li>\n<li>Para a gest\u00e3o dos nossos processos de sele\u00e7\u00e3o, trataremos os dados que nos fornecer durante 2 anos a contar da data de apresenta\u00e7\u00e3o da sua candidatura.<\/li>\n<li>Quando processamos os seus dados para lhe enviarmos informa\u00e7\u00f5es sobre a empresa, produtos e servi\u00e7os, conservaremos os seus dados at\u00e9 que retire o seu consentimento para esse efeito.<\/li>\n<li>Quando o utilizador faz um pedido de informa\u00e7\u00e3o atrav\u00e9s do nosso s\u00edtio Web, processaremos os seus dados durante o tempo necess\u00e1rio para tratar e resolver o pedido.<\/li>\n<\/ol>\n<p><strong>6. Comunica\u00e7\u00e3o de dados<\/strong><\/p>\n<p>A DOMUS RS n\u00e3o comunicar\u00e1 os dados recolhidos a terceiros, exceto quando tal for estritamente necess\u00e1rio para gerir e manter a rela\u00e7\u00e3o com a DOMUS RS ou com a autoriza\u00e7\u00e3o pr\u00e9via do Utilizador. Al\u00e9m disso, enquanto empresa do Grupo Hipoges Iberia S.L., pode tratar estes dados com a mesma finalidade que os dados recolhidos.<\/p>\n<p><strong>7. Seguran\u00e7a<\/strong><\/p>\n<p>Em rela\u00e7\u00e3o aos dados pessoais recolhidos, a DOMUS RS adoptou e adoptar\u00e1 as medidas t\u00e9cnicas e organizativas necess\u00e1rias para garantir a sua prote\u00e7\u00e3o e evitar a sua altera\u00e7\u00e3o, perda, tratamento e\/ou acesso n\u00e3o autorizado, tendo em conta o estado da t\u00e9cnica, a natureza dos dados armazenados e os riscos a que est\u00e3o expostos, cumprindo sempre a regulamenta\u00e7\u00e3o aplic\u00e1vel.<\/p>\n<p>Em particular, foram tomadas medidas para atingir objectivos b\u00e1sicos de seguran\u00e7a, como a confidencialidade (limitar o acesso \u00e0 informa\u00e7\u00e3o por pessoas n\u00e3o autorizadas), a integridade (manter informa\u00e7\u00e3o fi\u00e1vel e de alta qualidade) e a disponibilidade (garantir o acesso ao sistema de informa\u00e7\u00e3o a pedido de um utilizador autorizado).<\/p>\n<p><strong>8. Direitos dos utilizadores<\/strong><\/p>\n<p>Os utilizadores t\u00eam o direito de exercer a qualquer momento, nos termos previstos na regulamenta\u00e7\u00e3o em vigor a cada momento, os direitos de acesso, retifica\u00e7\u00e3o ou elimina\u00e7\u00e3o dos dados, bem como de solicitar a limita\u00e7\u00e3o do tratamento, de se opor ao tratamento e \u00e0 tomada de decis\u00f5es automatizadas ou de solicitar a portabilidade dos seus dados.<\/p>\n<p>Da mesma forma, os Utilizadores podem revogar o consentimento dado em qualquer altura.<\/p>\n<p>Para exercer qualquer um destes direitos, deve enviar uma comunica\u00e7\u00e3o escrita \u00e0 DOMUS RS, juntando uma c\u00f3pia do seu bilhete de identidade\/passaporte. O utilizador pode efetuar essa comunica\u00e7\u00e3o (a) por correio, ao cuidado do respons\u00e1vel pela prote\u00e7\u00e3o de dados, para o endere\u00e7o indicado no primeiro par\u00e1grafo do presente documento; ou (b) enviando uma mensagem de correio eletr\u00f3nico para o seguinte endere\u00e7o: <a href=\"mailto:dpo@hipoges.com\">dpo@hipoges.com<\/a><\/p>\n<p>Pode contactar o nosso Delegado para a Prote\u00e7\u00e3o de Dados (a) Por via postal, para o endere\u00e7o indicado no par\u00e1grafo anterior do presente documento; ou (b) enviando uma mensagem de correio eletr\u00f3nico para o seguinte endere\u00e7o: <a href=\"mailto:dpo@hipoges.com\">dpo@hipoges.com<\/a><\/p>\n<p>Al\u00e9m disso, informamos que pode sempre recorrer \u00e0 Comiss\u00e3o Nacional de Prote\u00e7\u00e3o de Dados (www.cnpd.pt) para solicitar prote\u00e7\u00e3o ou apresentar uma queixa relacionada com o tratamento dos seus dados pessoais.<\/p>\n<p><strong>9. Direito aplic\u00e1vel e jurisdi\u00e7\u00e3o<\/strong><\/p>\n<p>As rela\u00e7\u00f5es entre a DOMUS RS e o Utilizador ser\u00e3o regidas pelo direito portugu\u00eas.<\/p>\n<p>Qualquer lit\u00edgio ser\u00e1 submetido aos Tribunais de Lisboa.<\/p>\n","protected":false},"excerpt":{"rendered":"<p>Identidade do respons\u00e1vel pelo tratamento de dados DOMUS RS HG PORTUGAL \u2013 MEDIA\u00c7\u00c3O IMOBILIARIA, UNIPESSOAL, LDA., com sede social Edif\u00edcio Colombo, Torre Oriente, Avenida do Col\u00e9gio Militar, n\u00ba 37 F, 4\u00ba Piso, 1500-180 Lisboa, e com o NIPC 516 818 17 (\u201cDOMUS RS\u201d), \u00e9 o administrador do endere\u00e7o https:\/\/domusrs.com (a \u201cWeb\u201d). 2. Aceita\u00e7\u00e3o e identifica\u00e7\u00e3o [&hellip;]<\/p>\n","protected":false},"author":1,"featured_media":0,"parent":0,"menu_order":0,"comment_status":"closed","ping_status":"closed","template":"","meta":{"footnotes":""},"class_list":["post-7537","page","type-page","status-publish","hentry"],"_links":{"self":[{"href":"https:\/\/domusrs.com\/pt-pt\/wp-json\/wp\/v2\/pages\/7537","targetHints":{"allow":["GET"]}}],"collection":[{"href":"https:\/\/domusrs.com\/pt-pt\/wp-json\/wp\/v2\/pages"}],"about":[{"href":"https:\/\/domusrs.com\/pt-pt\/wp-json\/wp\/v2\/types\/page"}],"author":[{"embeddable":true,"href":"https:\/\/domusrs.com\/pt-pt\/wp-json\/wp\/v2\/users\/1"}],"replies":[{"embeddable":true,"href":"https:\/\/domusrs.com\/pt-pt\/wp-json\/wp\/v2\/comments?post=7537"}],"version-history":[{"count":4,"href":"https:\/\/domusrs.com\/pt-pt\/wp-json\/wp\/v2\/pages\/7537\/revisions"}],"predecessor-version":[{"id":11372,"href":"https:\/\/domusrs.com\/pt-pt\/wp-json\/wp\/v2\/pages\/7537\/revisions\/11372"}],"wp:attachment":[{"href":"https:\/\/domusrs.com\/pt-pt\/wp-json\/wp\/v2\/media?parent=7537"}],"curies":[{"name":"wp","href":"https:\/\/api.w.org\/{rel}","templated":true}]}}