{"id":7267,"date":"2022-12-01T16:49:58","date_gmt":"2022-12-01T15:49:58","guid":{"rendered":"https:\/\/domusrs.com\/residencial\/"},"modified":"2024-04-05T16:30:41","modified_gmt":"2024-04-05T15:30:41","slug":"residencial","status":"publish","type":"page","link":"https:\/\/domusrs.com\/pt-pt\/residencial\/","title":{"rendered":"Residencial"},"content":{"rendered":"\t\t<div data-elementor-type=\"wp-page\" data-elementor-id=\"7267\" class=\"elementor elementor-7267 elementor-2344\" data-elementor-post-type=\"page\">\n\t\t\t\t\t\t<section class=\"elementor-section elementor-top-section elementor-element elementor-element-4eefc7e7 elementor-section-full_width elementor-section-height-min-height elementor-section-content-middle elementor-section-stretched elementor-section-height-default elementor-section-items-middle\" data-id=\"4eefc7e7\" data-element_type=\"section\" data-settings=\"{&quot;stretch_section&quot;:&quot;section-stretched&quot;,&quot;background_background&quot;:&quot;classic&quot;}\">\n\t\t\t\t\t\t<div class=\"elementor-container elementor-column-gap-no\">\n\t\t\t\t\t<div class=\"elementor-column elementor-col-50 elementor-top-column elementor-element elementor-element-690f56c2 elementor-invisible\" data-id=\"690f56c2\" data-element_type=\"column\" data-settings=\"{&quot;animation&quot;:&quot;fadeInLeft&quot;}\">\n\t\t\t<div class=\"elementor-widget-wrap elementor-element-populated\">\n\t\t\t\t\t\t<div class=\"elementor-element elementor-element-2bc174d4 elementor-widget elementor-widget-image\" data-id=\"2bc174d4\" data-element_type=\"widget\" data-widget_type=\"image.default\">\n\t\t\t\t<div class=\"elementor-widget-container\">\n\t\t\t\t\t\t\t\t\t\t\t\t\t\t\t<img fetchpriority=\"high\" decoding=\"async\" width=\"874\" height=\"951\" src=\"https:\/\/domusrs.com\/wp-content\/uploads\/2022\/12\/Header-Residencial.jpg\" class=\"attachment-full size-full wp-image-2338\" alt=\"\" srcset=\"https:\/\/domusrs.com\/wp-content\/uploads\/2022\/12\/Header-Residencial.jpg 874w, https:\/\/domusrs.com\/wp-content\/uploads\/2022\/12\/Header-Residencial-276x300.jpg 276w, https:\/\/domusrs.com\/wp-content\/uploads\/2022\/12\/Header-Residencial-768x836.jpg 768w\" sizes=\"(max-width: 874px) 100vw, 874px\" \/>\t\t\t\t\t\t\t\t\t\t\t\t\t\t\t<\/div>\n\t\t\t\t<\/div>\n\t\t\t\t\t<\/div>\n\t\t<\/div>\n\t\t\t\t<div class=\"elementor-column elementor-col-50 elementor-top-column elementor-element elementor-element-f1eed66 elementor-invisible\" data-id=\"f1eed66\" data-element_type=\"column\" data-settings=\"{&quot;background_background&quot;:&quot;classic&quot;,&quot;animation&quot;:&quot;fadeIn&quot;}\">\n\t\t\t<div class=\"elementor-widget-wrap elementor-element-populated\">\n\t\t\t\t\t\t<div class=\"elementor-element elementor-element-7d9e3bb2 elementor-widget elementor-widget-spacer\" data-id=\"7d9e3bb2\" data-element_type=\"widget\" data-widget_type=\"spacer.default\">\n\t\t\t\t<div class=\"elementor-widget-container\">\n\t\t\t\t\t\t\t<div class=\"elementor-spacer\">\n\t\t\t<div class=\"elementor-spacer-inner\"><\/div>\n\t\t<\/div>\n\t\t\t\t\t\t<\/div>\n\t\t\t\t<\/div>\n\t\t\t\t<div class=\"elementor-element elementor-element-1daa9945 elementor-widget elementor-widget-heading\" data-id=\"1daa9945\" data-element_type=\"widget\" data-widget_type=\"heading.default\">\n\t\t\t\t<div class=\"elementor-widget-container\">\n\t\t\t\t\t<h2 class=\"elementor-heading-title elementor-size-default\">Residencial<\/h2>\t\t\t\t<\/div>\n\t\t\t\t<\/div>\n\t\t\t\t<div class=\"elementor-element elementor-element-73dc5544 elementor-widget-divider--view-line elementor-widget elementor-widget-divider\" data-id=\"73dc5544\" data-element_type=\"widget\" data-widget_type=\"divider.default\">\n\t\t\t\t<div class=\"elementor-widget-container\">\n\t\t\t\t\t\t\t<div class=\"elementor-divider\">\n\t\t\t<span class=\"elementor-divider-separator\">\n\t\t\t\t\t\t<\/span>\n\t\t<\/div>\n\t\t\t\t\t\t<\/div>\n\t\t\t\t<\/div>\n\t\t\t\t<div class=\"elementor-element elementor-element-62e79702 elementor-widget__width-initial elementor-widget elementor-widget-text-editor\" data-id=\"62e79702\" data-element_type=\"widget\" data-widget_type=\"text-editor.default\">\n\t\t\t\t<div class=\"elementor-widget-container\">\n\t\t\t\t\t\t\t\t\t<p>Tecnologia e informa\u00e7\u00e3o, o nosso m\u00e9todo permite-nos tirar o m\u00e1ximo partido do seu projeto. <\/p>\n\t\t\t\t\t\t\t\t<\/div>\n\t\t\t\t<\/div>\n\t\t\t\t<div class=\"elementor-element elementor-element-721fcebd elementor-widget elementor-widget-spacer\" data-id=\"721fcebd\" data-element_type=\"widget\" data-widget_type=\"spacer.default\">\n\t\t\t\t<div class=\"elementor-widget-container\">\n\t\t\t\t\t\t\t<div class=\"elementor-spacer\">\n\t\t\t<div class=\"elementor-spacer-inner\"><\/div>\n\t\t<\/div>\n\t\t\t\t\t\t<\/div>\n\t\t\t\t<\/div>\n\t\t\t\t<div class=\"elementor-element elementor-element-3e324ae4 elementor-widget elementor-widget-spacer\" data-id=\"3e324ae4\" data-element_type=\"widget\" data-widget_type=\"spacer.default\">\n\t\t\t\t<div class=\"elementor-widget-container\">\n\t\t\t\t\t\t\t<div class=\"elementor-spacer\">\n\t\t\t<div class=\"elementor-spacer-inner\"><\/div>\n\t\t<\/div>\n\t\t\t\t\t\t<\/div>\n\t\t\t\t<\/div>\n\t\t\t\t<div class=\"elementor-element elementor-element-21515ef5 elementor-view-stacked elementor-shape-square elementor-widget elementor-widget-icon\" data-id=\"21515ef5\" data-element_type=\"widget\" data-widget_type=\"icon.default\">\n\t\t\t\t<div class=\"elementor-widget-container\">\n\t\t\t\t\t\t\t<div class=\"elementor-icon-wrapper\">\n\t\t\t<a class=\"elementor-icon elementor-animation-sink\" href=\"#next\">\n\t\t\t<svg xmlns=\"http:\/\/www.w3.org\/2000\/svg\" width=\"28\" height=\"15\" viewBox=\"0 0 28 15\" fill=\"none\"><path d=\"M26.4351 0.717529L13.7175 13.4351L1 0.717529\" stroke=\"#18385F\" stroke-width=\"2\"><\/path><\/svg>\t\t\t<\/a>\n\t\t<\/div>\n\t\t\t\t\t\t<\/div>\n\t\t\t\t<\/div>\n\t\t\t\t\t<\/div>\n\t\t<\/div>\n\t\t\t\t\t<\/div>\n\t\t<\/section>\n\t\t\t\t<section class=\"elementor-section elementor-top-section elementor-element elementor-element-50f5802 elementor-section-full_width elementor-section-height-default elementor-section-height-default elementor-invisible\" data-id=\"50f5802\" data-element_type=\"section\" id=\"next\" data-settings=\"{&quot;animation&quot;:&quot;fadeIn&quot;}\">\n\t\t\t\t\t\t<div class=\"elementor-container elementor-column-gap-no\">\n\t\t\t\t\t<div class=\"elementor-column elementor-col-100 elementor-top-column elementor-element elementor-element-53a6be1\" data-id=\"53a6be1\" data-element_type=\"column\">\n\t\t\t<div class=\"elementor-widget-wrap elementor-element-populated\">\n\t\t\t\t\t\t<section class=\"elementor-section elementor-inner-section elementor-element elementor-element-1cdc3b8 elementor-section-boxed elementor-section-height-default elementor-section-height-default\" data-id=\"1cdc3b8\" data-element_type=\"section\">\n\t\t\t\t\t\t<div class=\"elementor-container elementor-column-gap-no\">\n\t\t\t\t\t<div class=\"elementor-column elementor-col-50 elementor-inner-column elementor-element elementor-element-652c81d\" data-id=\"652c81d\" data-element_type=\"column\">\n\t\t\t<div class=\"elementor-widget-wrap elementor-element-populated\">\n\t\t\t\t\t\t<div class=\"elementor-element elementor-element-192b6cd7 elementor-widget elementor-widget-heading\" data-id=\"192b6cd7\" data-element_type=\"widget\" data-widget_type=\"heading.default\">\n\t\t\t\t<div class=\"elementor-widget-container\">\n\t\t\t\t\t<h2 class=\"elementor-heading-title elementor-size-default\">1. Conce\u00e7\u00e3o do produto e lan\u00e7amento <\/h2>\t\t\t\t<\/div>\n\t\t\t\t<\/div>\n\t\t\t\t\t<\/div>\n\t\t<\/div>\n\t\t\t\t<div class=\"elementor-column elementor-col-50 elementor-inner-column elementor-element elementor-element-1001461\" data-id=\"1001461\" data-element_type=\"column\">\n\t\t\t<div class=\"elementor-widget-wrap elementor-element-populated\">\n\t\t\t\t\t\t<div class=\"elementor-element elementor-element-2de5548 elementor-widget elementor-widget-text-editor\" data-id=\"2de5548\" data-element_type=\"widget\" data-widget_type=\"text-editor.default\">\n\t\t\t\t<div class=\"elementor-widget-container\">\n\t\t\t\t\t\t\t\t\t<p>Gerimos cada projeto de forma integral. Desde a fase de defini\u00e7\u00e3o do produto, gest\u00e3o do investimento, a estrat\u00e9gia de lan\u00e7amento, os planos de meios de comunica\u00e7\u00e3o e de marketing, assim como qualquer outra necessidade dos nossos clientes para o lan\u00e7amento de projetos.<\/p>\n\t\t\t\t\t\t\t\t<\/div>\n\t\t\t\t<\/div>\n\t\t\t\t\t<\/div>\n\t\t<\/div>\n\t\t\t\t\t<\/div>\n\t\t<\/section>\n\t\t\t\t<section class=\"elementor-section elementor-inner-section elementor-element elementor-element-bd026db animated-slow elementor-section-boxed elementor-section-height-default elementor-section-height-default elementor-invisible\" data-id=\"bd026db\" data-element_type=\"section\" data-settings=\"{&quot;animation&quot;:&quot;fadeInRight&quot;}\">\n\t\t\t\t\t\t<div class=\"elementor-container elementor-column-gap-no\">\n\t\t\t\t\t<div class=\"elementor-column elementor-col-100 elementor-inner-column elementor-element elementor-element-a5bf263\" data-id=\"a5bf263\" data-element_type=\"column\">\n\t\t\t<div class=\"elementor-widget-wrap elementor-element-populated\">\n\t\t\t\t\t\t<div class=\"elementor-element elementor-element-20a9058 elementor-widget elementor-widget-image\" data-id=\"20a9058\" data-element_type=\"widget\" data-widget_type=\"image.default\">\n\t\t\t\t<div class=\"elementor-widget-container\">\n\t\t\t\t\t\t\t\t\t\t\t\t\t\t\t<img decoding=\"async\" width=\"1145\" height=\"425\" src=\"https:\/\/domusrs.com\/wp-content\/uploads\/2022\/12\/Destacado-Residencial-5.jpg\" class=\"attachment-full size-full wp-image-7269\" alt=\"\" srcset=\"https:\/\/domusrs.com\/wp-content\/uploads\/2022\/12\/Destacado-Residencial-5.jpg 1145w, https:\/\/domusrs.com\/wp-content\/uploads\/2022\/12\/Destacado-Residencial-5-300x111.jpg 300w, https:\/\/domusrs.com\/wp-content\/uploads\/2022\/12\/Destacado-Residencial-5-1024x380.jpg 1024w, https:\/\/domusrs.com\/wp-content\/uploads\/2022\/12\/Destacado-Residencial-5-768x285.jpg 768w\" sizes=\"(max-width: 1145px) 100vw, 1145px\" \/>\t\t\t\t\t\t\t\t\t\t\t\t\t\t\t<\/div>\n\t\t\t\t<\/div>\n\t\t\t\t\t<\/div>\n\t\t<\/div>\n\t\t\t\t\t<\/div>\n\t\t<\/section>\n\t\t\t\t\t<\/div>\n\t\t<\/div>\n\t\t\t\t\t<\/div>\n\t\t<\/section>\n\t\t\t\t<section class=\"elementor-section elementor-top-section elementor-element elementor-element-6d31163 elementor-section-full_width elementor-section-height-default elementor-section-height-default\" data-id=\"6d31163\" data-element_type=\"section\">\n\t\t\t\t\t\t<div class=\"elementor-container elementor-column-gap-no\">\n\t\t\t\t\t<div class=\"elementor-column elementor-col-100 elementor-top-column elementor-element elementor-element-1821b1c\" data-id=\"1821b1c\" data-element_type=\"column\">\n\t\t\t<div class=\"elementor-widget-wrap elementor-element-populated\">\n\t\t\t\t\t\t<section class=\"elementor-section elementor-inner-section elementor-element elementor-element-6d92ac3 elementor-section-boxed elementor-section-height-default elementor-section-height-default elementor-invisible\" data-id=\"6d92ac3\" data-element_type=\"section\" data-settings=\"{&quot;animation&quot;:&quot;fadeIn&quot;}\">\n\t\t\t\t\t\t<div class=\"elementor-container elementor-column-gap-no\">\n\t\t\t\t\t<div class=\"elementor-column elementor-col-50 elementor-inner-column elementor-element elementor-element-6972b43\" data-id=\"6972b43\" data-element_type=\"column\">\n\t\t\t<div class=\"elementor-widget-wrap elementor-element-populated\">\n\t\t\t\t\t\t<div class=\"elementor-element elementor-element-0d34b61 elementor-widget elementor-widget-heading\" data-id=\"0d34b61\" data-element_type=\"widget\" data-widget_type=\"heading.default\">\n\t\t\t\t<div class=\"elementor-widget-container\">\n\t\t\t\t\t<h2 class=\"elementor-heading-title elementor-size-default\">2. Comercializa\u00e7\u00e3o<\/h2>\t\t\t\t<\/div>\n\t\t\t\t<\/div>\n\t\t\t\t\t<\/div>\n\t\t<\/div>\n\t\t\t\t<div class=\"elementor-column elementor-col-50 elementor-inner-column elementor-element elementor-element-f0789b2\" data-id=\"f0789b2\" data-element_type=\"column\">\n\t\t\t<div class=\"elementor-widget-wrap elementor-element-populated\">\n\t\t\t\t\t\t<div class=\"elementor-element elementor-element-0afbafe elementor-widget elementor-widget-text-editor\" data-id=\"0afbafe\" data-element_type=\"widget\" data-widget_type=\"text-editor.default\">\n\t\t\t\t<div class=\"elementor-widget-container\">\n\t\t\t\t\t\t\t\t\t<p>Acompanhamos os nossos clientes ao longo de todo o ciclo de comercializa\u00e7\u00e3o do produto para maximizar a sua rendibilidade.<\/p>\n\t\t\t\t\t\t\t\t<\/div>\n\t\t\t\t<\/div>\n\t\t\t\t\t<\/div>\n\t\t<\/div>\n\t\t\t\t\t<\/div>\n\t\t<\/section>\n\t\t\t\t<section class=\"elementor-section elementor-inner-section elementor-element elementor-element-f1132c1 animated-slow elementor-section-boxed elementor-section-height-default elementor-section-height-default elementor-invisible\" data-id=\"f1132c1\" data-element_type=\"section\" data-settings=\"{&quot;animation&quot;:&quot;fadeInLeft&quot;}\">\n\t\t\t\t\t\t<div class=\"elementor-container elementor-column-gap-no\">\n\t\t\t\t\t<div class=\"elementor-column elementor-col-100 elementor-inner-column elementor-element elementor-element-8555fd0\" data-id=\"8555fd0\" data-element_type=\"column\">\n\t\t\t<div class=\"elementor-widget-wrap elementor-element-populated\">\n\t\t\t\t\t\t<div class=\"elementor-element elementor-element-0d2f7cf elementor-widget elementor-widget-image\" data-id=\"0d2f7cf\" data-element_type=\"widget\" data-widget_type=\"image.default\">\n\t\t\t\t<div class=\"elementor-widget-container\">\n\t\t\t\t\t\t\t\t\t\t\t\t\t\t\t<img decoding=\"async\" width=\"1457\" height=\"386\" src=\"https:\/\/domusrs.com\/wp-content\/uploads\/2022\/12\/Destacado-residencial-7.jpg\" class=\"attachment-full size-full wp-image-7272\" alt=\"\" srcset=\"https:\/\/domusrs.com\/wp-content\/uploads\/2022\/12\/Destacado-residencial-7.jpg 1457w, https:\/\/domusrs.com\/wp-content\/uploads\/2022\/12\/Destacado-residencial-7-300x79.jpg 300w, https:\/\/domusrs.com\/wp-content\/uploads\/2022\/12\/Destacado-residencial-7-1024x271.jpg 1024w, https:\/\/domusrs.com\/wp-content\/uploads\/2022\/12\/Destacado-residencial-7-768x203.jpg 768w\" sizes=\"(max-width: 1457px) 100vw, 1457px\" \/>\t\t\t\t\t\t\t\t\t\t\t\t\t\t\t<\/div>\n\t\t\t\t<\/div>\n\t\t\t\t\t<\/div>\n\t\t<\/div>\n\t\t\t\t\t<\/div>\n\t\t<\/section>\n\t\t\t\t\t<\/div>\n\t\t<\/div>\n\t\t\t\t\t<\/div>\n\t\t<\/section>\n\t\t\t\t<section class=\"elementor-section elementor-top-section elementor-element elementor-element-b3ccd04 elementor-section-full_width elementor-section-height-default elementor-section-height-default\" data-id=\"b3ccd04\" data-element_type=\"section\">\n\t\t\t\t\t\t<div class=\"elementor-container elementor-column-gap-no\">\n\t\t\t\t\t<div class=\"elementor-column elementor-col-100 elementor-top-column elementor-element elementor-element-61e9f44\" data-id=\"61e9f44\" data-element_type=\"column\">\n\t\t\t<div class=\"elementor-widget-wrap elementor-element-populated\">\n\t\t\t\t\t\t<section class=\"elementor-section elementor-inner-section elementor-element elementor-element-239fa3b elementor-section-boxed elementor-section-height-default elementor-section-height-default elementor-invisible\" data-id=\"239fa3b\" data-element_type=\"section\" data-settings=\"{&quot;animation&quot;:&quot;fadeIn&quot;}\">\n\t\t\t\t\t\t<div class=\"elementor-container elementor-column-gap-no\">\n\t\t\t\t\t<div class=\"elementor-column elementor-col-50 elementor-inner-column elementor-element elementor-element-3cd5080\" data-id=\"3cd5080\" data-element_type=\"column\">\n\t\t\t<div class=\"elementor-widget-wrap elementor-element-populated\">\n\t\t\t\t\t\t<div class=\"elementor-element elementor-element-469484b elementor-widget elementor-widget-heading\" data-id=\"469484b\" data-element_type=\"widget\" data-widget_type=\"heading.default\">\n\t\t\t\t<div class=\"elementor-widget-container\">\n\t\t\t\t\t<h2 class=\"elementor-heading-title elementor-size-default\">3. Verifica\u00e7\u00e3o KYC, entrega e p\u00f3s-venda<\/h2>\t\t\t\t<\/div>\n\t\t\t\t<\/div>\n\t\t\t\t\t<\/div>\n\t\t<\/div>\n\t\t\t\t<div class=\"elementor-column elementor-col-50 elementor-inner-column elementor-element elementor-element-870a05f\" data-id=\"870a05f\" data-element_type=\"column\">\n\t\t\t<div class=\"elementor-widget-wrap elementor-element-populated\">\n\t\t\t\t\t\t<div class=\"elementor-element elementor-element-d4295c2 elementor-widget elementor-widget-text-editor\" data-id=\"d4295c2\" data-element_type=\"widget\" data-widget_type=\"text-editor.default\">\n\t\t\t\t<div class=\"elementor-widget-container\">\n\t\t\t\t\t\t\t\t\t<p>A nossa equipa de profissionais utiliza uma abordagem baseada na tecnologia e na intelig\u00eancia de mercado para obter os melhores resultados. <\/p>\n\t\t\t\t\t\t\t\t<\/div>\n\t\t\t\t<\/div>\n\t\t\t\t\t<\/div>\n\t\t<\/div>\n\t\t\t\t\t<\/div>\n\t\t<\/section>\n\t\t\t\t<section class=\"elementor-section elementor-inner-section elementor-element elementor-element-54b9bdd animated-slow elementor-section-boxed elementor-section-height-default elementor-section-height-default elementor-invisible\" data-id=\"54b9bdd\" data-element_type=\"section\" data-settings=\"{&quot;animation&quot;:&quot;fadeInRight&quot;}\">\n\t\t\t\t\t\t<div class=\"elementor-container elementor-column-gap-no\">\n\t\t\t\t\t<div class=\"elementor-column elementor-col-100 elementor-inner-column elementor-element elementor-element-8919c81\" data-id=\"8919c81\" data-element_type=\"column\">\n\t\t\t<div class=\"elementor-widget-wrap elementor-element-populated\">\n\t\t\t\t\t\t<div class=\"elementor-element elementor-element-f628be5 elementor-widget elementor-widget-image\" data-id=\"f628be5\" data-element_type=\"widget\" data-widget_type=\"image.default\">\n\t\t\t\t<div class=\"elementor-widget-container\">\n\t\t\t\t\t\t\t\t\t\t\t\t\t\t\t<img loading=\"lazy\" decoding=\"async\" width=\"1145\" height=\"425\" src=\"https:\/\/domusrs.com\/wp-content\/uploads\/2022\/12\/Destacado-Residencial-4.jpg\" class=\"attachment-full size-full wp-image-7270\" alt=\"\" srcset=\"https:\/\/domusrs.com\/wp-content\/uploads\/2022\/12\/Destacado-Residencial-4.jpg 1145w, https:\/\/domusrs.com\/wp-content\/uploads\/2022\/12\/Destacado-Residencial-4-300x111.jpg 300w, https:\/\/domusrs.com\/wp-content\/uploads\/2022\/12\/Destacado-Residencial-4-1024x380.jpg 1024w, https:\/\/domusrs.com\/wp-content\/uploads\/2022\/12\/Destacado-Residencial-4-768x285.jpg 768w\" sizes=\"(max-width: 1145px) 100vw, 1145px\" \/>\t\t\t\t\t\t\t\t\t\t\t\t\t\t\t<\/div>\n\t\t\t\t<\/div>\n\t\t\t\t\t<\/div>\n\t\t<\/div>\n\t\t\t\t\t<\/div>\n\t\t<\/section>\n\t\t\t\t\t<\/div>\n\t\t<\/div>\n\t\t\t\t\t<\/div>\n\t\t<\/section>\n\t\t\t\t<\/div>\n\t\t","protected":false},"excerpt":{"rendered":"<p>Residencial Tecnologia e informa\u00e7\u00e3o, o nosso m\u00e9todo permite-nos tirar o m\u00e1ximo partido do seu projeto. 1. Conce\u00e7\u00e3o do produto e lan\u00e7amento Gerimos cada projeto de forma integral. Desde a fase de defini\u00e7\u00e3o do produto, gest\u00e3o do investimento, a estrat\u00e9gia de lan\u00e7amento, os planos de meios de comunica\u00e7\u00e3o e de marketing, assim como qualquer outra necessidade [&hellip;]<\/p>\n","protected":false},"author":1,"featured_media":0,"parent":0,"menu_order":0,"comment_status":"closed","ping_status":"closed","template":"","meta":{"footnotes":""},"class_list":["post-7267","page","type-page","status-publish","hentry"],"_links":{"self":[{"href":"https:\/\/domusrs.com\/pt-pt\/wp-json\/wp\/v2\/pages\/7267","targetHints":{"allow":["GET"]}}],"collection":[{"href":"https:\/\/domusrs.com\/pt-pt\/wp-json\/wp\/v2\/pages"}],"about":[{"href":"https:\/\/domusrs.com\/pt-pt\/wp-json\/wp\/v2\/types\/page"}],"author":[{"embeddable":true,"href":"https:\/\/domusrs.com\/pt-pt\/wp-json\/wp\/v2\/users\/1"}],"replies":[{"embeddable":true,"href":"https:\/\/domusrs.com\/pt-pt\/wp-json\/wp\/v2\/comments?post=7267"}],"version-history":[{"count":8,"href":"https:\/\/domusrs.com\/pt-pt\/wp-json\/wp\/v2\/pages\/7267\/revisions"}],"predecessor-version":[{"id":8842,"href":"https:\/\/domusrs.com\/pt-pt\/wp-json\/wp\/v2\/pages\/7267\/revisions\/8842"}],"wp:attachment":[{"href":"https:\/\/domusrs.com\/pt-pt\/wp-json\/wp\/v2\/media?parent=7267"}],"curies":[{"name":"wp","href":"https:\/\/api.w.org\/{rel}","templated":true}]}}