{"id":7220,"date":"2022-11-30T18:23:25","date_gmt":"2022-11-30T17:23:25","guid":{"rendered":"https:\/\/domusrs.com\/hipoglos\/"},"modified":"2024-04-05T19:48:58","modified_gmt":"2024-04-05T18:48:58","slug":"hipoglos","status":"publish","type":"page","link":"https:\/\/domusrs.com\/pt-pt\/hipoglos\/","title":{"rendered":"Hipoges"},"content":{"rendered":"\t\t<div data-elementor-type=\"wp-page\" data-elementor-id=\"7220\" class=\"elementor elementor-7220 elementor-2128\" data-elementor-post-type=\"page\">\n\t\t\t\t\t\t<section class=\"elementor-section elementor-top-section elementor-element elementor-element-4eefc7e7 elementor-section-full_width elementor-section-height-min-height elementor-section-content-middle elementor-section-stretched elementor-section-height-default elementor-section-items-middle\" data-id=\"4eefc7e7\" data-element_type=\"section\" data-settings=\"{&quot;stretch_section&quot;:&quot;section-stretched&quot;,&quot;background_background&quot;:&quot;classic&quot;}\">\n\t\t\t\t\t\t<div class=\"elementor-container elementor-column-gap-no\">\n\t\t\t\t\t<div class=\"elementor-column elementor-col-50 elementor-top-column elementor-element elementor-element-690f56c2 elementor-invisible\" data-id=\"690f56c2\" data-element_type=\"column\" data-settings=\"{&quot;animation&quot;:&quot;fadeInLeft&quot;}\">\n\t\t\t<div class=\"elementor-widget-wrap elementor-element-populated\">\n\t\t\t\t\t\t<div class=\"elementor-element elementor-element-2bc174d4 elementor-widget elementor-widget-image\" data-id=\"2bc174d4\" data-element_type=\"widget\" data-widget_type=\"image.default\">\n\t\t\t\t<div class=\"elementor-widget-container\">\n\t\t\t\t\t\t\t\t\t\t\t\t\t\t\t<img fetchpriority=\"high\" decoding=\"async\" width=\"874\" height=\"951\" src=\"https:\/\/domusrs.com\/wp-content\/uploads\/2022\/12\/Header-Hipoges.jpg\" class=\"attachment-full size-full wp-image-7224\" alt=\"\" srcset=\"https:\/\/domusrs.com\/wp-content\/uploads\/2022\/12\/Header-Hipoges.jpg 874w, https:\/\/domusrs.com\/wp-content\/uploads\/2022\/12\/Header-Hipoges-276x300.jpg 276w, https:\/\/domusrs.com\/wp-content\/uploads\/2022\/12\/Header-Hipoges-768x836.jpg 768w\" sizes=\"(max-width: 874px) 100vw, 874px\" \/>\t\t\t\t\t\t\t\t\t\t\t\t\t\t\t<\/div>\n\t\t\t\t<\/div>\n\t\t\t\t\t<\/div>\n\t\t<\/div>\n\t\t\t\t<div class=\"elementor-column elementor-col-50 elementor-top-column elementor-element elementor-element-f1eed66 elementor-invisible\" data-id=\"f1eed66\" data-element_type=\"column\" data-settings=\"{&quot;background_background&quot;:&quot;classic&quot;,&quot;animation&quot;:&quot;fadeIn&quot;}\">\n\t\t\t<div class=\"elementor-widget-wrap elementor-element-populated\">\n\t\t\t\t\t\t<div class=\"elementor-element elementor-element-7d9e3bb2 elementor-widget elementor-widget-spacer\" data-id=\"7d9e3bb2\" data-element_type=\"widget\" data-widget_type=\"spacer.default\">\n\t\t\t\t<div class=\"elementor-widget-container\">\n\t\t\t\t\t\t\t<div class=\"elementor-spacer\">\n\t\t\t<div class=\"elementor-spacer-inner\"><\/div>\n\t\t<\/div>\n\t\t\t\t\t\t<\/div>\n\t\t\t\t<\/div>\n\t\t\t\t<div class=\"elementor-element elementor-element-1daa9945 elementor-widget elementor-widget-heading\" data-id=\"1daa9945\" data-element_type=\"widget\" data-widget_type=\"heading.default\">\n\t\t\t\t<div class=\"elementor-widget-container\">\n\t\t\t\t\t<h2 class=\"elementor-heading-title elementor-size-default\">Hipoges<\/h2>\t\t\t\t<\/div>\n\t\t\t\t<\/div>\n\t\t\t\t<div class=\"elementor-element elementor-element-73dc5544 elementor-widget-divider--view-line elementor-widget elementor-widget-divider\" data-id=\"73dc5544\" data-element_type=\"widget\" data-widget_type=\"divider.default\">\n\t\t\t\t<div class=\"elementor-widget-container\">\n\t\t\t\t\t\t\t<div class=\"elementor-divider\">\n\t\t\t<span class=\"elementor-divider-separator\">\n\t\t\t\t\t\t<\/span>\n\t\t<\/div>\n\t\t\t\t\t\t<\/div>\n\t\t\t\t<\/div>\n\t\t\t\t<div class=\"elementor-element elementor-element-62e79702 elementor-widget__width-initial elementor-widget elementor-widget-text-editor\" data-id=\"62e79702\" data-element_type=\"widget\" data-widget_type=\"text-editor.default\">\n\t\t\t\t<div class=\"elementor-widget-container\">\n\t\t\t\t\t\t\t\t\t<p>A hist\u00f3ria da Domus RS est\u00e1 ligada \u00e0 da Hipoges. Em 2021, a Hipoges Iberia (KKR &amp; Co. Inc.) entra no capital da Domus com o objetivo de impulsionar o crescimento e a consolida\u00e7\u00e3o como player de refer\u00eancia da Domus RS no mercado imobili\u00e1rio.<\/p>\n\t\t\t\t\t\t\t\t<\/div>\n\t\t\t\t<\/div>\n\t\t\t\t<div class=\"elementor-element elementor-element-721fcebd elementor-widget elementor-widget-spacer\" data-id=\"721fcebd\" data-element_type=\"widget\" data-widget_type=\"spacer.default\">\n\t\t\t\t<div class=\"elementor-widget-container\">\n\t\t\t\t\t\t\t<div class=\"elementor-spacer\">\n\t\t\t<div class=\"elementor-spacer-inner\"><\/div>\n\t\t<\/div>\n\t\t\t\t\t\t<\/div>\n\t\t\t\t<\/div>\n\t\t\t\t<div class=\"elementor-element elementor-element-3e324ae4 elementor-widget elementor-widget-spacer\" data-id=\"3e324ae4\" data-element_type=\"widget\" data-widget_type=\"spacer.default\">\n\t\t\t\t<div class=\"elementor-widget-container\">\n\t\t\t\t\t\t\t<div class=\"elementor-spacer\">\n\t\t\t<div class=\"elementor-spacer-inner\"><\/div>\n\t\t<\/div>\n\t\t\t\t\t\t<\/div>\n\t\t\t\t<\/div>\n\t\t\t\t<div class=\"elementor-element elementor-element-21515ef5 elementor-view-stacked elementor-shape-square elementor-widget elementor-widget-icon\" data-id=\"21515ef5\" data-element_type=\"widget\" data-widget_type=\"icon.default\">\n\t\t\t\t<div class=\"elementor-widget-container\">\n\t\t\t\t\t\t\t<div class=\"elementor-icon-wrapper\">\n\t\t\t<a class=\"elementor-icon elementor-animation-sink\" href=\"#next\">\n\t\t\t<svg xmlns=\"http:\/\/www.w3.org\/2000\/svg\" width=\"28\" height=\"15\" viewBox=\"0 0 28 15\" fill=\"none\"><path d=\"M26.4351 0.717529L13.7175 13.4351L1 0.717529\" stroke=\"#18385F\" stroke-width=\"2\"><\/path><\/svg>\t\t\t<\/a>\n\t\t<\/div>\n\t\t\t\t\t\t<\/div>\n\t\t\t\t<\/div>\n\t\t\t\t\t<\/div>\n\t\t<\/div>\n\t\t\t\t\t<\/div>\n\t\t<\/section>\n\t\t\t\t<section class=\"elementor-section elementor-top-section elementor-element elementor-element-50f5802 elementor-section-full_width elementor-section-height-default elementor-section-height-default elementor-invisible\" data-id=\"50f5802\" data-element_type=\"section\" id=\"next\" data-settings=\"{&quot;animation&quot;:&quot;fadeIn&quot;}\">\n\t\t\t\t\t\t<div class=\"elementor-container elementor-column-gap-no\">\n\t\t\t\t\t<div class=\"elementor-column elementor-col-100 elementor-top-column elementor-element elementor-element-53a6be1\" data-id=\"53a6be1\" data-element_type=\"column\">\n\t\t\t<div class=\"elementor-widget-wrap elementor-element-populated\">\n\t\t\t\t\t\t<section class=\"elementor-section elementor-inner-section elementor-element elementor-element-1cdc3b8 elementor-section-boxed elementor-section-height-default elementor-section-height-default\" data-id=\"1cdc3b8\" data-element_type=\"section\">\n\t\t\t\t\t\t<div class=\"elementor-container elementor-column-gap-no\">\n\t\t\t\t\t<div class=\"elementor-column elementor-col-100 elementor-inner-column elementor-element elementor-element-652c81d\" data-id=\"652c81d\" data-element_type=\"column\">\n\t\t\t<div class=\"elementor-widget-wrap elementor-element-populated\">\n\t\t\t\t\t\t<div class=\"elementor-element elementor-element-192b6cd7 elementor-widget elementor-widget-heading\" data-id=\"192b6cd7\" data-element_type=\"widget\" data-widget_type=\"heading.default\">\n\t\t\t\t<div class=\"elementor-widget-container\">\n\t\t\t\t\t<h2 class=\"elementor-heading-title elementor-size-default\">Hipoges desde o seu nascimento<\/h2>\t\t\t\t<\/div>\n\t\t\t\t<\/div>\n\t\t\t\t<div class=\"elementor-element elementor-element-beee45a elementor-widget-divider--view-line elementor-widget elementor-widget-divider\" data-id=\"beee45a\" data-element_type=\"widget\" data-widget_type=\"divider.default\">\n\t\t\t\t<div class=\"elementor-widget-container\">\n\t\t\t\t\t\t\t<div class=\"elementor-divider\">\n\t\t\t<span class=\"elementor-divider-separator\">\n\t\t\t\t\t\t<\/span>\n\t\t<\/div>\n\t\t\t\t\t\t<\/div>\n\t\t\t\t<\/div>\n\t\t\t\t<div class=\"elementor-element elementor-element-0afbafe elementor-widget elementor-widget-text-editor\" data-id=\"0afbafe\" data-element_type=\"widget\" data-widget_type=\"text-editor.default\">\n\t\t\t\t<div class=\"elementor-widget-container\">\n\t\t\t\t\t\t\t\t\t<p>Fundada em 2008, a Hipoges \u00e9 uma das principais plataformas de gest\u00e3o de ativos distressed do Sul da Europa, com mais de 47 mil milh\u00f5es de euros de ativos sob gest\u00e3o.<\/p>\n<p>A Hipoges gere uma ampla variedade de ativos e presta uma s\u00e9rie de servi\u00e7os relacionados com a sua gest\u00e3o. Estes ativos incluem: hipotecas residenciais, empr\u00e9stimos a empresas, empr\u00e9stimos a PME, unsecured loans, cr\u00e9ditos do Estado e de empresas e ativos imobili\u00e1rios do sector residencial e comercial.<\/p>\n<p>Com escrit\u00f3rios em Espanha, Portugal, It\u00e1lia e Gr\u00e9cia (4 pa\u00edses) e mais de 1400 colaboradores em todo o mundo, a Hipoges trabalha para algumas das principais institui\u00e7\u00f5es financeiras e investidores internacionais especializados no sector dos ativos distressed.<\/p>\n\t\t\t\t\t\t\t\t<\/div>\n\t\t\t\t<\/div>\n\t\t\t\t\t<\/div>\n\t\t<\/div>\n\t\t\t\t\t<\/div>\n\t\t<\/section>\n\t\t\t\t\t<\/div>\n\t\t<\/div>\n\t\t\t\t\t<\/div>\n\t\t<\/section>\n\t\t\t\t<section class=\"elementor-section elementor-top-section elementor-element elementor-element-2ac180f elementor-section-boxed elementor-section-height-default elementor-section-height-default\" data-id=\"2ac180f\" data-element_type=\"section\">\n\t\t\t\t\t\t<div class=\"elementor-container elementor-column-gap-default\">\n\t\t\t\t\t<div class=\"elementor-column elementor-col-100 elementor-top-column elementor-element elementor-element-ac88617\" data-id=\"ac88617\" data-element_type=\"column\">\n\t\t\t<div class=\"elementor-widget-wrap elementor-element-populated\">\n\t\t\t\t\t\t<div class=\"elementor-element elementor-element-14b32a1 elementor-widget elementor-widget-timeline-widget-addon\" data-id=\"14b32a1\" data-element_type=\"widget\" data-widget_type=\"timeline-widget-addon.default\">\n\t\t\t\t<div class=\"elementor-widget-container\">\n\t\t\t\t\t<!-- ========= Timeline Widget  Addon For Elementor 1.6.8 ========= -->\n<div id=\"twae-wrapper-14b32a1\" class=\"twae-wrapper twae-horizontal-timeline\">\n<div class=\"twae-wrapper-inside\">\n <div id=\"twae-slider-container-14b32a1\" data-dir=\"\" data-slidestoshow=\"3\" data-autoplay=\"false\" data-auto-height=\"true\" class=\"twae-slider-container swiper-container\">\n <div  class=\"twae-slider-wrapper swiper-wrapper no-height\"><!-- Start of Story Repeater Content --><div id=\"twae-article-da6e181\" class=\"twae-repeater-item twae-story swiper-slide twae-story-no-icon\"><!-- Story Label --><div class=\"twae-labels\"><div class=\"twae-label-big\">2008<\/div><\/div><!-- Story Icon Dot --><div class=\"twae-icondot\"><\/div><!-- Story Arrow --><div class=\"twae-arrow\"><\/div><!-- Start of Story Content --><div class=\"twae-content\"><!-- Story Title --><div class=\"twae-title\">Dezembro<\/div><!-- Story Description --><div class=\"twae-description\"><p>\u00c9 fundada a Hipoges.<\/p>\n<\/div><\/div><\/div><!-- Start of Story Repeater Content --><div id=\"twae-article-c4b21af\" class=\"twae-repeater-item twae-story swiper-slide twae-story-no-icon\"><!-- Story Label --><div class=\"twae-labels\"><div class=\"twae-label-big twae-label-big\">2009<\/div><\/div><!-- Story Icon Dot --><div class=\"twae-icondot\"><\/div><!-- Story Arrow --><div class=\"twae-arrow\"><\/div><!-- Start of Story Content --><div class=\"twae-content\"><!-- Story Title --><div class=\"twae-title twae-title\">Junho<\/div><!-- Story Description --><div class=\"twae-description twae-description\"><p>Cria\u00e7\u00e3o da Hipoges Portugal (Lisboa).<\/p>\n<\/div><\/div><\/div><!-- Start of Story Repeater Content --><div id=\"twae-article-daa6c31\" class=\"twae-repeater-item twae-story swiper-slide twae-story-no-icon\"><!-- Story Label --><div class=\"twae-labels\"><div class=\"twae-label-big twae-label-big twae-label-big\">2013<\/div><\/div><!-- Story Icon Dot --><div class=\"twae-icondot\"><\/div><!-- Story Arrow --><div class=\"twae-arrow\"><\/div><!-- Start of Story Content --><div class=\"twae-content\"><!-- Story Title --><div class=\"twae-title twae-title twae-title\">Novembro<\/div><!-- Story Description --><div class=\"twae-description twae-description twae-description\"><p>A Hipoges recebe a nota\u00e7\u00e3o \u201cAbove average\u201d da Standard &amp; Poor's para o servi\u00e7o especial de hipotecas residenciais.<\/p>\n<\/div><\/div><\/div><!-- Start of Story Repeater Content --><div id=\"twae-article-ae84172\" class=\"twae-repeater-item twae-story swiper-slide twae-story-no-icon\"><!-- Story Label --><div class=\"twae-labels\"><div class=\"twae-label-big twae-label-big twae-label-big twae-label-big\">2016<\/div><\/div><!-- Story Icon Dot --><div class=\"twae-icondot\"><\/div><!-- Story Arrow --><div class=\"twae-arrow\"><\/div><!-- Start of Story Content --><div class=\"twae-content\"><!-- Story Title --><div class=\"twae-title twae-title twae-title twae-title\">Agosto<\/div><!-- Story Description --><div class=\"twae-description twae-description twae-description twae-description\"><p>A Hipoges atinge 10 mil milh\u00f5es de euros de ativos sob gest\u00e3o.<\/p>\n<div class=\"twae-title\">Dezembro<\/div>\n<p>Cria\u00e7\u00e3o da Hipoges Hellas (Atenas).<\/p>\n<\/div><\/div><\/div><!-- Start of Story Repeater Content --><div id=\"twae-article-aae2be4\" class=\"twae-repeater-item twae-story swiper-slide twae-story-no-icon\"><!-- Story Label --><div class=\"twae-labels\"><div class=\"twae-label-big twae-label-big twae-label-big twae-label-big twae-label-big\">2018<\/div><\/div><!-- Story Icon Dot --><div class=\"twae-icondot\"><\/div><!-- Story Arrow --><div class=\"twae-arrow\"><\/div><!-- Start of Story Content --><div class=\"twae-content\"><!-- Story Title --><div class=\"twae-title twae-title twae-title twae-title twae-title\">Janeiro<\/div><!-- Story Description --><div class=\"twae-description twae-description twae-description twae-description twae-description\"><p>A KKR &amp; Co. Inc. \u00e9 o novo acionista maiorit\u00e1rio da Hipoges.<\/p>\n<div class=\"twae-title\">dezembro<\/div>\n<p>A Hipoges atinge os 20 mil milh\u00f5es de euros de ativos sob gest\u00e3o, com destaque para as empresas do sector imobili\u00e1rio.<\/p>\n<\/div><\/div><\/div><!-- Start of Story Repeater Content --><div id=\"twae-article-b47cd39\" class=\"twae-repeater-item twae-story swiper-slide twae-story-no-icon\"><!-- Story Label --><div class=\"twae-labels\"><div class=\"twae-label-big twae-label-big twae-label-big twae-label-big twae-label-big twae-label-big\">2019<\/div><\/div><!-- Story Icon Dot --><div class=\"twae-icondot\"><\/div><!-- Story Arrow --><div class=\"twae-arrow\"><\/div><!-- Start of Story Content --><div class=\"twae-content\"><!-- Story Title --><div class=\"twae-title twae-title twae-title twae-title twae-title twae-title\">Mar\u00e7o<\/div><!-- Story Description --><div class=\"twae-description twae-description twae-description twae-description twae-description twae-description\"><p>Abertura do escrit\u00f3rio do Porto (Portugal).<\/p>\n<div class=\"twae-title\">Agosto<\/div>\n<p>A Hipoges adquire uma participa\u00e7\u00e3o maiorit\u00e1ria na empresa imobili\u00e1ria Alsvit, com sede em Atenas (Gr\u00e9cia).<\/p>\n<\/div><\/div><\/div><!-- Start of Story Repeater Content --><div id=\"twae-article-dc81083\" class=\"twae-repeater-item twae-story swiper-slide twae-story-no-icon\"><!-- Story Label --><div class=\"twae-labels\"><div class=\"twae-label-big twae-label-big twae-label-big twae-label-big twae-label-big twae-label-big twae-label-big\">2020<\/div><\/div><!-- Story Icon Dot --><div class=\"twae-icondot\"><\/div><!-- Story Arrow --><div class=\"twae-arrow\"><\/div><!-- Start of Story Content --><div class=\"twae-content\"><!-- Story Title --><div class=\"twae-title twae-title twae-title twae-title twae-title twae-title twae-title\">Mar\u00e7o<\/div><!-- Story Description --><div class=\"twae-description twae-description twae-description twae-description twae-description twae-description twae-description\"><p>O Banco da Gr\u00e9cia concede \u00e0 Hipoges Iberia a licen\u00e7a de gest\u00e3o de NPL.<\/p>\n<div class=\"twae-title\">Maio<\/div>\n<p>A Hipoges come\u00e7a a trabalhar para a SAREB em Espanha.<\/p>\n<p>Abertura do escrit\u00f3rio de M\u00farcia (Espanha).<\/p>\n<\/div><\/div><\/div><!-- Start of Story Repeater Content --><div id=\"twae-article-0403d42\" class=\"twae-repeater-item twae-story swiper-slide twae-story-no-icon\"><!-- Story Label --><div class=\"twae-labels\"><div class=\"twae-label-big twae-label-big twae-label-big twae-label-big twae-label-big twae-label-big twae-label-big twae-label-big\">2021<\/div><\/div><!-- Story Icon Dot --><div class=\"twae-icondot\"><\/div><!-- Story Arrow --><div class=\"twae-arrow\"><\/div><!-- Start of Story Content --><div class=\"twae-content\"><!-- Story Title --><div class=\"twae-title twae-title twae-title twae-title twae-title twae-title twae-title twae-title\">Maio<\/div><!-- Story Description --><div class=\"twae-description twae-description twae-description twae-description twae-description twae-description twae-description twae-description\"><p>A Hipoges adquire uma participa\u00e7\u00e3o maiorit\u00e1ria na empresa Domus Capital.<\/p>\n<\/p>\n<div class=\"twae-title\">Junho<\/div>\n<p>A Hipoges adquire uma participa\u00e7\u00e3o maiorit\u00e1ria na entidade gestora italiana Axis.<\/p>\n<\/div><\/div><\/div><!-- Start of Story Repeater Content --><div id=\"twae-article-e6e8297\" class=\"twae-repeater-item twae-story swiper-slide twae-story-no-icon\"><!-- Story Label --><div class=\"twae-labels\"><div class=\"twae-label-big twae-label-big twae-label-big twae-label-big twae-label-big twae-label-big twae-label-big twae-label-big twae-label-big\">2022<\/div><\/div><!-- Story Icon Dot --><div class=\"twae-icondot\"><\/div><!-- Story Arrow --><div class=\"twae-arrow\"><\/div><!-- Start of Story Content --><div class=\"twae-content\"><!-- Story Title --><div class=\"twae-title twae-title twae-title twae-title twae-title twae-title twae-title twae-title twae-title\">Fevereiro<\/div><!-- Story Description --><div class=\"twae-description twae-description twae-description twae-description twae-description twae-description twae-description twae-description twae-description\"><p>A Hipoges lan\u00e7a a Hemisphere, uma empresa de avalia\u00e7\u00e3o independente em Portugal.<\/p>\n<\/div><\/div><\/div><!-- Start of Story Repeater Content --><div id=\"twae-article-1b6b6eb\" class=\"twae-repeater-item twae-story swiper-slide twae-story-no-icon\"><!-- Story Label --><div class=\"twae-labels\"><div class=\"twae-label-big twae-label-big twae-label-big twae-label-big twae-label-big twae-label-big twae-label-big twae-label-big twae-label-big twae-label-big\">2022<\/div><\/div><!-- Story Icon Dot --><div class=\"twae-icondot\"><\/div><!-- Story Arrow --><div class=\"twae-arrow\"><\/div><!-- Start of Story Content --><div class=\"twae-content\"><!-- Story Title --><div class=\"twae-title twae-title twae-title twae-title twae-title twae-title twae-title twae-title twae-title twae-title\">Abril<\/div><!-- Story Description --><div class=\"twae-description twae-description twae-description twae-description twae-description twae-description twae-description twae-description twae-description twae-description\"><p>A Hipoges foi escolhida para gerir os activos de uma parte da carteira da SAREB, com mais de 13 mil milh\u00f5es de euros de activos.<\/p>\n<\/div><\/div><\/div><!-- Start of Story Repeater Content --><div id=\"twae-article-a0fd61c\" class=\"twae-repeater-item twae-story swiper-slide twae-story-no-icon\"><!-- Story Label --><div class=\"twae-labels\"><div class=\"twae-label-big twae-label-big twae-label-big twae-label-big twae-label-big twae-label-big twae-label-big twae-label-big twae-label-big twae-label-big twae-label-big\">2022<\/div><\/div><!-- Story Icon Dot --><div class=\"twae-icondot\"><\/div><!-- Story Arrow --><div class=\"twae-arrow\"><\/div><!-- Start of Story Content --><div class=\"twae-content\"><!-- Story Title --><div class=\"twae-title twae-title twae-title twae-title twae-title twae-title twae-title twae-title twae-title twae-title twae-title\">Junho<\/div><!-- Story Description --><div class=\"twae-description twae-description twae-description twae-description twae-description twae-description twae-description twae-description twae-description twae-description twae-description\"><p>A Hipoges adquire uma participa\u00e7\u00e3o maiorit\u00e1ria no Grupo Cobo, empresa l\u00edder no mercado de Facility Management, refor\u00e7ando as suas capacidades no setor imobili\u00e1rio.<\/p>\n<\/div><\/div><\/div><!-- Start of Story Repeater Content --><div id=\"twae-article-56607c0\" class=\"twae-repeater-item twae-story swiper-slide twae-story-no-icon\"><!-- Story Label --><div class=\"twae-labels\"><div class=\"twae-label-big twae-label-big twae-label-big twae-label-big twae-label-big twae-label-big twae-label-big twae-label-big twae-label-big twae-label-big twae-label-big twae-label-big\">2022<\/div><\/div><!-- Story Icon Dot --><div class=\"twae-icondot\"><\/div><!-- Story Arrow --><div class=\"twae-arrow\"><\/div><!-- Start of Story Content --><div class=\"twae-content\"><!-- Story Title --><div class=\"twae-title twae-title twae-title twae-title twae-title twae-title twae-title twae-title twae-title twae-title twae-title twae-title\">Dezembro<\/div><!-- Story Description --><div class=\"twae-description twae-description twae-description twae-description twae-description twae-description twae-description twae-description twae-description twae-description twae-description twae-description\"><p>A Hipoges prepara a abertura do novo escrit\u00f3rio em Sevilha.<\/p>\n<\/div><\/div><\/div><\/div><\/div><\/div> <!-- Add Arrows -->\n       <div class=\"twae-button-prev\"><i class=\"fas fa-chevron-left\"><\/i><\/div>\n       <div class=\"twae-button-next\"><i class=\"fas fa-chevron-right\"><\/i><\/div>\n       <div class=\"twae-h-line\"><\/div>\n       <div class=\"twae-line-fill\"><\/div>\n    <\/div><style type=\"text\/css\">@media (max-width: 1024px){ .twae-wrapper{--tw-ybx-size: 75px !important;}}@media (max-width: 767px){ .twae-wrapper{--tw-ybx-size: 75px !important}}<\/style>\t\t\t\t<\/div>\n\t\t\t\t<\/div>\n\t\t\t\t\t<\/div>\n\t\t<\/div>\n\t\t\t\t\t<\/div>\n\t\t<\/section>\n\t\t\t\t<\/div>\n\t\t","protected":false},"excerpt":{"rendered":"<p>Hipoges A hist\u00f3ria da Domus RS est\u00e1 ligada \u00e0 da Hipoges. Em 2021, a Hipoges Iberia (KKR &amp; Co. Inc.) entra no capital da Domus com o objetivo de impulsionar o crescimento e a consolida\u00e7\u00e3o como player de refer\u00eancia da Domus RS no mercado imobili\u00e1rio. Hipoges desde o seu nascimento Fundada em 2008, a Hipoges [&hellip;]<\/p>\n","protected":false},"author":1,"featured_media":0,"parent":0,"menu_order":0,"comment_status":"closed","ping_status":"closed","template":"","meta":{"footnotes":""},"class_list":["post-7220","page","type-page","status-publish","hentry"],"_links":{"self":[{"href":"https:\/\/domusrs.com\/pt-pt\/wp-json\/wp\/v2\/pages\/7220","targetHints":{"allow":["GET"]}}],"collection":[{"href":"https:\/\/domusrs.com\/pt-pt\/wp-json\/wp\/v2\/pages"}],"about":[{"href":"https:\/\/domusrs.com\/pt-pt\/wp-json\/wp\/v2\/types\/page"}],"author":[{"embeddable":true,"href":"https:\/\/domusrs.com\/pt-pt\/wp-json\/wp\/v2\/users\/1"}],"replies":[{"embeddable":true,"href":"https:\/\/domusrs.com\/pt-pt\/wp-json\/wp\/v2\/comments?post=7220"}],"version-history":[{"count":6,"href":"https:\/\/domusrs.com\/pt-pt\/wp-json\/wp\/v2\/pages\/7220\/revisions"}],"predecessor-version":[{"id":8847,"href":"https:\/\/domusrs.com\/pt-pt\/wp-json\/wp\/v2\/pages\/7220\/revisions\/8847"}],"wp:attachment":[{"href":"https:\/\/domusrs.com\/pt-pt\/wp-json\/wp\/v2\/media?parent=7220"}],"curies":[{"name":"wp","href":"https:\/\/api.w.org\/{rel}","templated":true}]}}