{"id":7209,"date":"2022-11-30T21:01:30","date_gmt":"2022-11-30T20:01:30","guid":{"rendered":"https:\/\/domusrs.com\/politica-de-privacidade-contacto\/"},"modified":"2024-04-05T13:21:18","modified_gmt":"2024-04-05T12:21:18","slug":"politica-de-privacidade-contacto","status":"publish","type":"page","link":"https:\/\/domusrs.com\/pt-pt\/politica-de-privacidade-contacto\/","title":{"rendered":"Pol\u00edtica de privacidade contacto"},"content":{"rendered":"\t\t<div data-elementor-type=\"wp-page\" data-elementor-id=\"7209\" class=\"elementor elementor-7209 elementor-2283\" data-elementor-post-type=\"page\">\n\t\t\t\t\t\t<section class=\"elementor-section elementor-top-section elementor-element elementor-element-3ab0eff elementor-section-boxed elementor-section-height-default elementor-section-height-default\" data-id=\"3ab0eff\" data-element_type=\"section\">\n\t\t\t\t\t\t<div class=\"elementor-container elementor-column-gap-default\">\n\t\t\t\t\t<div class=\"elementor-column elementor-col-100 elementor-top-column elementor-element elementor-element-4d1759e\" data-id=\"4d1759e\" data-element_type=\"column\">\n\t\t\t<div class=\"elementor-widget-wrap elementor-element-populated\">\n\t\t\t\t\t\t<div class=\"elementor-element elementor-element-8e4486a elementor-widget elementor-widget-text-editor\" data-id=\"8e4486a\" data-element_type=\"widget\" data-widget_type=\"text-editor.default\">\n\t\t\t\t<div class=\"elementor-widget-container\">\n\t\t\t\t\t\t\t\t\t<p style=\"font-weight: 400;\">O respons\u00e1vel pelo tratamento dos dados ser\u00e1 a DOMUS RS HG PORTUGAL \u2013 MEDIA\u00c7\u00c3O IMOBILIARIA, UNIPESSOAL, LDA. (\u201cDOMUS RS\u201d), com sede social Edif\u00edcio Colombo, Torre Oriente, Avenida do Col\u00e9gio Militar, n\u00ba 37 F, 4\u00ba Piso, 1500-180 Lisboa e NIPC 516 818 171.<\/p>\n<p style=\"font-weight: 400;\">A DOMUS RS tratar\u00e1 os seus dados exclusivamente com o objetivo de lhe fornecer informa\u00e7\u00f5es sobre a consulta ou reclama\u00e7\u00e3o apresentada.<\/p>\n<p style=\"font-weight: 400;\">A DOMUS RS tratar\u00e1 os seus dados unicamente com a finalidade de avaliar a idoneidade da sua candidatura a um emprego na empresa, bem como para o correto desenvolvimento e acompanhamento dos seus processos de recrutamento. A base leg\u00edtima para o tratamento dos seus dados \u00e9 o seu consentimento.<\/p>\n<p style=\"font-weight: 400;\">A DOMUS RS n\u00e3o comunicar\u00e1 os dados recolhidos a terceiros, exceto \u00e0s autoridades judiciais e p\u00fablicas competentes, quando tal se deva estritamente a uma obriga\u00e7\u00e3o legal, no \u00e2mbito de investiga\u00e7\u00f5es, ou mediante autoriza\u00e7\u00e3o pr\u00e9via do Utilizador. Al\u00e9m disso, enquanto empresa do Grupo Hipoges Iberia S.L., pode tratar estes dados com a mesma finalidade que os dados recolhidos.<\/p>\n<p style=\"font-weight: 400;\">Os dados ser\u00e3o conservados enquanto forem necess\u00e1rios para a finalidade para a qual foram recolhidos, desde que o utilizador n\u00e3o exer\u00e7a previamente o seu direito ao apagamento. Conservaremos os seus dados pessoais, com as medidas de seguran\u00e7a necess\u00e1rias e bloqueados sob a forma de pseud\u00f3nimos. Uma vez expirados estes prazos, mant\u00ea-los-emos devidamente bloqueados durante o per\u00edodo de prescri\u00e7\u00e3o de qualquer responsabilidade que possa surgir como resultado do tratamento, colocando-os apenas \u00e0 disposi\u00e7\u00e3o das administra\u00e7\u00f5es p\u00fablicas, ju\u00edzes e tribunais competentes.<\/p>\n<p style=\"font-weight: 400;\">Pode contactar o nosso respons\u00e1vel pela prote\u00e7\u00e3o de dados no seguinte endere\u00e7o (a) Por via postal, para o endere\u00e7o indicado no par\u00e1grafo anterior do presente documento; ou (b) enviando uma mensagem de correio eletr\u00f3nico para o seguinte endere\u00e7o: <a href=\"mailto:dpo@hipoges.com\">dpo@hipoges.com<\/a> Pode exercer os seus direitos de acesso, retifica\u00e7\u00e3o, supress\u00e3o, oposi\u00e7\u00e3o ao tratamento e \u00e0s decis\u00f5es automatizadas, limita\u00e7\u00e3o e portabilidade, bem como retirar o seu consentimento, a qualquer momento, enviando uma mensagem de correio eletr\u00f3nico para dpo@hipoges.com, fornecendo uma c\u00f3pia do seu bilhete de identidade ou documento equivalente. Se considerar que o seu direito \u00e0 prote\u00e7\u00e3o de dados foi violado, pode apresentar uma queixa junto da Comiss\u00e3o Nacional de Prote\u00e7\u00e3o de Dados.<a href=\"http:\/\/www.agpd.es\/\">(www.cnpd.pt)<\/a>. <\/p>\n\t\t\t\t\t\t\t\t<\/div>\n\t\t\t\t<\/div>\n\t\t\t\t\t<\/div>\n\t\t<\/div>\n\t\t\t\t\t<\/div>\n\t\t<\/section>\n\t\t\t\t<\/div>\n\t\t","protected":false},"excerpt":{"rendered":"<p>O respons\u00e1vel pelo tratamento dos dados ser\u00e1 a DOMUS RS HG PORTUGAL \u2013 MEDIA\u00c7\u00c3O IMOBILIARIA, UNIPESSOAL, LDA. (\u201cDOMUS RS\u201d), com sede social Edif\u00edcio Colombo, Torre Oriente, Avenida do Col\u00e9gio Militar, n\u00ba 37 F, 4\u00ba Piso, 1500-180 Lisboa e NIPC 516 818 171. A DOMUS RS tratar\u00e1 os seus dados exclusivamente com o objetivo de lhe [&hellip;]<\/p>\n","protected":false},"author":1,"featured_media":0,"parent":0,"menu_order":0,"comment_status":"closed","ping_status":"closed","template":"","meta":{"footnotes":""},"class_list":["post-7209","page","type-page","status-publish","hentry"],"_links":{"self":[{"href":"https:\/\/domusrs.com\/pt-pt\/wp-json\/wp\/v2\/pages\/7209","targetHints":{"allow":["GET"]}}],"collection":[{"href":"https:\/\/domusrs.com\/pt-pt\/wp-json\/wp\/v2\/pages"}],"about":[{"href":"https:\/\/domusrs.com\/pt-pt\/wp-json\/wp\/v2\/types\/page"}],"author":[{"embeddable":true,"href":"https:\/\/domusrs.com\/pt-pt\/wp-json\/wp\/v2\/users\/1"}],"replies":[{"embeddable":true,"href":"https:\/\/domusrs.com\/pt-pt\/wp-json\/wp\/v2\/comments?post=7209"}],"version-history":[{"count":3,"href":"https:\/\/domusrs.com\/pt-pt\/wp-json\/wp\/v2\/pages\/7209\/revisions"}],"predecessor-version":[{"id":8795,"href":"https:\/\/domusrs.com\/pt-pt\/wp-json\/wp\/v2\/pages\/7209\/revisions\/8795"}],"wp:attachment":[{"href":"https:\/\/domusrs.com\/pt-pt\/wp-json\/wp\/v2\/media?parent=7209"}],"curies":[{"name":"wp","href":"https:\/\/api.w.org\/{rel}","templated":true}]}}